{"id":48980,"date":"2023-05-27T17:17:18","date_gmt":"2023-05-27T14:17:18","guid":{"rendered":"https:\/\/action-crete-homes.com\/?page_id=48980"},"modified":"2023-06-07T16:31:18","modified_gmt":"2023-06-07T13:31:18","slug":"eot-licence","status":"publish","type":"page","link":"https:\/\/action-crete-homes.com\/fr\/company\/eot-licence\/","title":{"rendered":"Eot licence"},"content":{"rendered":"<section class=\"wpb-content-wrapper\"><p>[vc_row row_type=&#8221;row&#8221; use_row_as_full_screen_section=&#8221;no&#8221; type=&#8221;grid&#8221; angled_section=&#8221;no&#8221; text_align=&#8221;center&#8221; background_image_as_pattern=&#8221;without_pattern&#8221; padding_top=&#8221;200&#8243; padding_bottom=&#8221;200&#8243; css=&#8221;.vc_custom_1685208523654{padding-top: 150px !important;}&#8221;][vc_column][vc_row_inner row_type=&#8221;row&#8221; type=&#8221;full_width&#8221; text_align=&#8221;left&#8221; css_animation=&#8221;element_from_fade&#8221; el_class=&#8221;.section_inner&#8221;][vc_column_inner][vc_custom_heading text=&#8221;Louez votre propri\u00e9t\u00e9 en Cr\u00e8te&#8221; font_container=&#8221;tag:h2|font_size:62px|text_align:center|color:%23515151|line_height:60px&#8221; google_fonts=&#8221;font_family:Open%20Sans%3A300%2C300italic%2Cregular%2Citalic%2C600%2C600italic%2C700%2C700italic%2C800%2C800italic|font_style:800%20bold%20regular%3A800%3Anormal&#8221; css_animation=&#8221;top-to-bottom&#8221;][vc_custom_heading text=&#8221;Infos sur la fa\u00e7on d\u2019obtenir une Licence EOT&#8221; font_container=&#8221;tag:h2|font_size:42px|text_align:center|color:%23999999|line_height:40px&#8221; google_fonts=&#8221;font_family:Open%20Sans%3A300%2C300italic%2Cregular%2Citalic%2C600%2C600italic%2C700%2C700italic%2C800%2C800italic|font_style:800%20bold%20regular%3A800%3Anormal&#8221; css_animation=&#8221;fadeInUp&#8221;][\/vc_column_inner][\/vc_row_inner][vc_single_image image=&#8221;17709&#8243; img_size=&#8221;medium&#8221; alignment=&#8221;center&#8221; qode_css_animation=&#8221;&#8221;][vc_empty_space height=&#8221;50px&#8221;][\/vc_column][\/vc_row][vc_row full_width=&#8221;stretch_row_content&#8221; section_height=&#8221;300&#8243; row_type=&#8221;parallax&#8221; parallax_content_width=&#8221;in_grid&#8221; text_align=&#8221;left&#8221; background_image=&#8221;17486&#8243;][vc_column css=&#8221;.vc_custom_1685209214849{padding-top: 200px !important;padding-bottom: 100px !important;}&#8221;]<div class='gambit_parallax_row' data-bg-align='' data-direction='fixed' data-opacity='100' data-velocity='-0.3' data-mobile-enabled='' data-bg-height='817' data-bg-width='1940' data-bg-image='https:\/\/action-crete-homes.com\/wp-content\/uploads\/2015\/04\/actionpattern.png' data-bg-repeat='false' data-id='' style='display: none'><\/div>[\/vc_column][\/vc_row][vc_row row_type=&#8221;row&#8221; use_row_as_full_screen_section=&#8221;no&#8221; type=&#8221;grid&#8221; angled_section=&#8221;no&#8221; text_align=&#8221;left&#8221; background_image_as_pattern=&#8221;without_pattern&#8221; padding_top=&#8221;150&#8243; padding_bottom=&#8221;150&#8243; css=&#8221;.vc_custom_1685209903291{padding-top: 150px !important;}&#8221;][vc_column][vc_column_text]<\/p>\n<h3><strong>INFORMATION GENERALES<\/strong><\/h3>\n<p>[\/vc_column_text][vc_empty_space height=&#8221;50px&#8221;][vc_row_inner row_type=&#8221;row&#8221; type=&#8221;full_width&#8221; text_align=&#8221;left&#8221; css_animation=&#8221;&#8221;][vc_column_inner width=&#8221;1\/2&#8243;][vc_column_text]Avec l\u2019augmentation des touristes cherchant plus d\u2019ind\u00e9pendance pour des vacances tranquilles dans des lieux idylliques, le potentiel de la location de villas en Cr\u00e8te a fortement augment\u00e9 ce qui fait de l\u2019achat d\u2019une villa en Cr\u00e8te le parfait investissement. Que vous ayez l\u2019intention de couvrir le cout de l\u2019achat et de votre pr\u00eat hypoth\u00e9caire ou d\u2019augmenter vos revenus, g\u00e9r\u00e9e correctement, votre villa en Cr\u00e8te peut le faire pour vous. Toutefois, il est essentiel d\u2019obtenir une licence de l\u2019Organisation Nationale du Tourisme Grec, connu sous le nom d\u2019EOT en Gr\u00e8ce, si vous souhaitez louer votre villa \u00e0 divers locataires. L\u2019organisation nationale grecque du tourisme a des r\u00e8gles strictes concernant l\u2019aptitude de chaque propri\u00e9t\u00e9, ce qui garantit que les touristes ne louent pas de logement de qualit\u00e9 inferieurs au cours de leur s\u00e9jour en Gr\u00e8ce. Les normes pour la construction de villas en Cr\u00e8te incluant leurs piscines doivent \u00eatre remplies avant que le GNTO vous attribue une licence permettant la villa de fonctionner en tant qu\u2019h\u00e9bergement de vacances.[\/vc_column_text][\/vc_column_inner][vc_column_inner width=&#8221;1\/2&#8243;][vc_column_text]Le processus pour obtenir la licence EOT prend parfois plusieurs mois et a un co\u00fbt. Vous devez contacter l\u2019Organisation pour obtenir ces informations. L\u2019achat de certains dispositifs de s\u00e9curit\u00e9 doivent aussi \u00eatre pris en consid\u00e9ration, comme des extincteurs, \u00e9clairage de secours, enseignes de sortie, des marqueurs de profondeur dans la piscine, etc. Ces valeurs ajout\u00e9es assurent que les logements et piscines r\u00e9pondent aux normes de s\u00e9curit\u00e9. Pour les villas de location, le syst\u00e8me de cl\u00e9 en place est similaire au syst\u00e8me d\u2019\u00e9toiles pour les h\u00f4tels. Une cl\u00e9 \u00e9tant la cat\u00e9gorie de base pour un simple logement de location meubl\u00e9, tandis que la cat\u00e9gorie la plus \u00e9lev\u00e9e est r\u00e9serv\u00e9 aux villas de luxe. Les crit\u00e8res pour la validation de la licence EOT ont tendance \u00e0 varier au fil du temps et c\u2019est pour cela qu\u2019il est n\u00e9cessaire de designer une personne famili\u00e8re avec la proc\u00e9dure et parlant couramment en grec, afin d\u2019effectuer toute la paperasse essentiel pour vous. Action constructing collabore avec des professionnels qui peuvent se charger de la proc\u00e9dure n\u00e9cessaire dans son int\u00e9gralit\u00e9 toujours avec l\u2019aide de nos architectes qualifi\u00e9s.[\/vc_column_text][\/vc_column_inner][\/vc_row_inner][vc_empty_space height=&#8221;50px&#8221;][\/vc_column][\/vc_row][vc_row full_width=&#8221;stretch_row_content&#8221; section_height=&#8221;500&#8243; row_type=&#8221;parallax&#8221; parallax_content_width=&#8221;in_grid&#8221; text_align=&#8221;left&#8221; background_image=&#8221;17676&#8243;][vc_column css=&#8221;.vc_custom_1685209873386{padding-top: 250px !important;padding-bottom: 200px !important;}&#8221;]<div class='gambit_parallax_row' data-bg-align='' data-direction='fixed' data-opacity='100' data-velocity='-0.3' data-mobile-enabled='' data-bg-height='1078' data-bg-width='1920' data-bg-image='https:\/\/action-crete-homes.com\/wp-content\/uploads\/2015\/02\/Luxury-Traditional-Villas8.jpg' data-bg-repeat='false' data-id='' style='display: none'><\/div>[\/vc_column][\/vc_row][vc_row row_type=&#8221;row&#8221; use_row_as_full_screen_section=&#8221;no&#8221; type=&#8221;grid&#8221; angled_section=&#8221;no&#8221; text_align=&#8221;left&#8221; background_image_as_pattern=&#8221;without_pattern&#8221; padding_top=&#8221;150&#8243; padding_bottom=&#8221;150&#8243;][vc_column css=&#8221;.vc_custom_1685209944895{padding-top: 60px !important;}&#8221;][vc_column_text]<\/p>\n<h3><strong>DIRECTIVES<\/strong><\/h3>\n<p>[\/vc_column_text][vc_empty_space height=&#8221;50px&#8221;][vc_row_inner row_type=&#8221;row&#8221; type=&#8221;full_width&#8221; text_align=&#8221;left&#8221; css_animation=&#8221;&#8221;][vc_column_inner width=&#8221;1\/2&#8243;][vc_column_text]<\/p>\n<p>Les architectes en Action peuvent vous procurer tous les documents concernant les plans de votre maison. Ceux-ci doivent \u00eatre officiellement affranchi et sign\u00e9 puis d\u00e9pos\u00e9 \u00e0 l\u2019EOT. Par la suite, l\u2019un des inspecteurs de l\u2019EOT viendra pour visiter votre villa en Cr\u00e8te et v\u00e9rifier si le b\u00e2timent correspond exactement aux plans. La prochaine \u00e9tape sera l\u2019obtention des certificats suppl\u00e9mentaires. Ceux-ci comprennent un certificat du bureau local des imp\u00f4ts confirmant que le propri\u00e9taire n\u2019a pas de dettes fiscales et que son casier judiciaire est vierge. Le certificat de clart\u00e9 de l\u2019eau et de s\u00e9curit\u00e9 incendiaire doivent \u00e9galement \u00eatre obtenu.<\/p>\n<p>[\/vc_column_text][\/vc_column_inner][vc_column_inner width=&#8221;1\/2&#8243;][vc_column_text]<\/p>\n<p>Il est recommand\u00e9 que les crit\u00e8res d\u2019EOT soient pris en compte d\u00e8s la phase de planification de votre villa en Cr\u00e8te, et m\u00eame dans ce cas, il est essentiel de se rappeler que l\u2019EOT change souvent les crit\u00e8res sans pr\u00e9avis. Cela rend difficile l\u2019approbation pr\u00e9alable. Quelques points importants notamment le fait qu\u2019il y est une taille minimale autoris\u00e9e pour les chambres de la villa ainsi que toutes les propri\u00e9t\u00e9s et piscines sur un terrain partag\u00e9 doivent se certifier d\u2019une licence EOT, ind\u00e9pendamment du fait de savoir si n\u2019importe lequel des propri\u00e9taires a effectivement l\u2019intention de louer leurs villas pour les vacanciers ou non. Chaque demande est examin\u00e9e individuellement et une fois que la licence EOT a \u00e9t\u00e9 d\u00e9livr\u00e9e, le propri\u00e9taire est libre de louer sa villa sans cons\u00e9quences juridiques.<\/p>\n<p>[\/vc_column_text][\/vc_column_inner][\/vc_row_inner][vc_empty_space height=&#8221;50px&#8221;][\/vc_column][\/vc_row]<\/p>\n<\/section>","protected":false},"excerpt":{"rendered":"<p>[vc_row row_type=&#8221;row&#8221; use_row_as_full_screen_section=&#8221;no&#8221; type=&#8221;grid&#8221; angled_section=&#8221;no&#8221; text_align=&#8221;center&#8221; background_image_as_pattern=&#8221;without_pattern&#8221; padding_top=&#8221;200&#8243; padding_bottom=&#8221;200&#8243; css=&#8221;.vc_custom_1685208523654{padding-top: 150px !important;}&#8221;][vc_column][vc_row_inner row_type=&#8221;row&#8221; type=&#8221;full_width&#8221; text_align=&#8221;left&#8221; css_animation=&#8221;element_from_fade&#8221; el_class=&#8221;.section_inner&#8221;][vc_column_inner][vc_custom_heading text=&#8221;Louez votre propri\u00e9t\u00e9 en Cr\u00e8te&#8221; font_container=&#8221;tag:h2|font_size:62px|text_align:center|color:%23515151|line_height:60px&#8221; google_fonts=&#8221;font_family:Open%20Sans%3A300%2C300italic%2Cregular%2Citalic%2C600%2C600italic%2C700%2C700italic%2C800%2C800italic|font_style:800%20bold%20regular%3A800%3Anormal&#8221; css_animation=&#8221;top-to-bottom&#8221;][vc_custom_heading text=&#8221;Infos sur la fa\u00e7on d\u2019obtenir une Licence EOT&#8221; font_container=&#8221;tag:h2|font_size:42px|text_align:center|color:%23999999|line_height:40px&#8221; google_fonts=&#8221;font_family:Open%20Sans%3A300%2C300italic%2Cregular%2Citalic%2C600%2C600italic%2C700%2C700italic%2C800%2C800italic|font_style:800%20bold%20regular%3A800%3Anormal&#8221; css_animation=&#8221;fadeInUp&#8221;][\/vc_column_inner][\/vc_row_inner][vc_single_image image=&#8221;17709&#8243; img_size=&#8221;medium&#8221; alignment=&#8221;center&#8221; qode_css_animation=&#8221;&#8221;][vc_empty_space height=&#8221;50px&#8221;][\/vc_column][\/vc_row][vc_row full_width=&#8221;stretch_row_content&#8221; section_height=&#8221;300&#8243; row_type=&#8221;parallax&#8221; parallax_content_width=&#8221;in_grid&#8221; text_align=&#8221;left&#8221; background_image=&#8221;17486&#8243;][vc_column css=&#8221;.vc_custom_1685209214849{padding-top: 200px !important;padding-bottom: 100px !important;}&#8221;][\/vc_column][\/vc_row][vc_row row_type=&#8221;row&#8221; use_row_as_full_screen_section=&#8221;no&#8221; type=&#8221;grid&#8221; [&hellip;]<\/p>\n","protected":false},"author":1,"featured_media":0,"parent":49072,"menu_order":0,"comment_status":"closed","ping_status":"closed","template":"","meta":{"_acf_changed":false,"footnotes":""},"class_list":["post-48980","page","type-page","status-publish","hentry"],"acf":{"header_type":"light"},"_links":{"self":[{"href":"https:\/\/action-crete-homes.com\/fr\/wp-json\/wp\/v2\/pages\/48980","targetHints":{"allow":["GET"]}}],"collection":[{"href":"https:\/\/action-crete-homes.com\/fr\/wp-json\/wp\/v2\/pages"}],"about":[{"href":"https:\/\/action-crete-homes.com\/fr\/wp-json\/wp\/v2\/types\/page"}],"author":[{"embeddable":true,"href":"https:\/\/action-crete-homes.com\/fr\/wp-json\/wp\/v2\/users\/1"}],"replies":[{"embeddable":true,"href":"https:\/\/action-crete-homes.com\/fr\/wp-json\/wp\/v2\/comments?post=48980"}],"version-history":[{"count":5,"href":"https:\/\/action-crete-homes.com\/fr\/wp-json\/wp\/v2\/pages\/48980\/revisions"}],"predecessor-version":[{"id":48985,"href":"https:\/\/action-crete-homes.com\/fr\/wp-json\/wp\/v2\/pages\/48980\/revisions\/48985"}],"up":[{"embeddable":true,"href":"https:\/\/action-crete-homes.com\/fr\/wp-json\/wp\/v2\/pages\/49072"}],"wp:attachment":[{"href":"https:\/\/action-crete-homes.com\/fr\/wp-json\/wp\/v2\/media?parent=48980"}],"curies":[{"name":"wp","href":"https:\/\/api.w.org\/{rel}","templated":true}]}}