{"id":49055,"date":"2023-03-23T10:17:21","date_gmt":"2023-03-23T07:17:21","guid":{"rendered":"https:\/\/action-crete-homes.com\/?page_id=49055"},"modified":"2023-06-07T18:18:06","modified_gmt":"2023-06-07T15:18:06","slug":"privacy-policy","status":"publish","type":"page","link":"https:\/\/action-crete-homes.com\/fr\/privacy-policy\/","title":{"rendered":"Compagnie"},"content":{"rendered":"<section class=\"wpb-content-wrapper\"><p>[vc_row row_type=&#8221;row&#8221; use_row_as_full_screen_section=&#8221;no&#8221; type=&#8221;grid&#8221; angled_section=&#8221;no&#8221; text_align=&#8221;left&#8221; background_image_as_pattern=&#8221;without_pattern&#8221; padding_top=&#8221;150&#8243; padding_bottom=&#8221;150&#8243; css=&#8221;.vc_custom_1686151053588{margin-top: 100px !important;}&#8221;][vc_column][vc_custom_heading text=&#8221;Termes et conditions&#8221; font_container=&#8221;tag:h1|font_size:92px|text_align:left|color:%23000000|line_height:80px&#8221; google_fonts=&#8221;font_family:Open%20Sans%3A300%2C300italic%2Cregular%2Citalic%2C600%2C600italic%2C700%2C700italic%2C800%2C800italic|font_style:800%20bold%20regular%3A800%3Anormal&#8221;][vc_column_text]<\/p>\n<h3>Action Constructing est une soci\u00e9t\u00e9 de d\u00e9veloppement immobilier poss\u00e9dant une vaste exp\u00e9rience dans la construction et la vente de villas de luxe, de maisons traditionnelles et d&#8217;appartements.<\/h3>\n<p>[\/vc_column_text][vc_empty_space height=&#8221;50px&#8221;][vc_row_inner row_type=&#8221;row&#8221; type=&#8221;full_width&#8221; text_align=&#8221;left&#8221; css_animation=&#8221;&#8221;][vc_column_inner][vc_column_text]En acc\u00e9dant \u00e0 ce site Web, \u00e0 Action Constructing et \u00e0 toutes ses pages, vous acceptez cette politique de confidentialit\u00e9. Si vous n\u2019\u00eates pas d\u2019accord avec ces conditions, vous ne pouvez pas utiliser ou acc\u00e9der \u00e0 ce site.<\/p>\n<h2>Donn\u00e9es Personnelles Que Nous Recueillons Et Pourquoi<\/h2>\n<p>Nous ne demandons des informations personnelles que lorsque nous en avons vraiment besoin pour vous fournir un service. Nous le recueillons par des moyens justes et l\u00e9gaux, avec votre connaissance et votre consentement. Nous vous expliquons \u00e9galement pourquoi nous recueillons et comment nous les utilisons.<\/p>\n<p>Les donn\u00e9es que nous collectons:<\/p>\n<h3>Formulaire De Contact<\/h3>\n<p>En remplissant et en soumettant un formulaire de contact, vous nous fournissez les informations dont nous avons besoin pour vous contacter au sujet de votre demande. Nous ne partageons pas cette information avec d\u2019autres parties. Nous n\u2019utilisons pas ces informations \u00e0 des fins de marketing, sauf si cela est express\u00e9ment requis.<\/p>\n<p>Nous ne stockons les informations collect\u00e9es que le temps n\u00e9cessaire pour vous fournir le service dont vous avez besoin. Les donn\u00e9es que nous stockons sont prot\u00e9g\u00e9es par des moyens commercialement acceptables afin d\u2019emp\u00eacher la perte, le vol, l\u2019acc\u00e8s non autoris\u00e9, la divulgation, la duplication, l\u2019utilisation ou la modification. Apr\u00e8s avoir r\u00e9pondu \u00e0 votre demande, vos donn\u00e9es et vos emails seront supprim\u00e9s.<\/p>\n<p>Nous ne partageons pas d\u2019informations personnelles publiquement ou avec des tiers, sauf si requis par la loi.<\/p>\n<p>protocoles de s\u00e9curit\u00e9<\/p>\n<p>Si une personne tente d\u2019acc\u00e9der \u00e0 la section administrateur de notre site sans autorisation, nous conserverons son adresse IP dans nos journaux. Cela indique une utilisation inappropri\u00e9e et des efforts malveillants. Par cons\u00e9quent, nous avons le droit de conserver et de traiter ces journaux.<\/p>\n<p>Votre utilisation continue de notre site Web constitue une acceptation de nos pratiques en mati\u00e8re de confidentialit\u00e9 et d\u2019informations personnelles. Si vous avez des questions sur la mani\u00e8re de g\u00e9rer les donn\u00e9es utilisateur et les informations personnelles, n\u2019h\u00e9sitez pas \u00e0 nous contacter.<\/p>\n<article class=\"block-50 portrait-100\">\n<div class=\"block-inner\">\n<div class=\"div_h1\">\n<h2>Politique De Cookies<\/h2>\n<p>Ceci est la politique en mati\u00e8re de cookies pour Action Constructing, accessible \u00e0 partir de action-crete-homes.com Que sont les cookies?<\/p>\n<p>Sur les sites Web professionnels, il est courant d\u2019utiliser des cookies, qui sont de petits fichiers t\u00e9l\u00e9charg\u00e9s sur votre navigateur pour am\u00e9liorer votre exp\u00e9rience. Cette page d\u00e9crit quelles informations ils collectent, comment nous les utilisons et pourquoi nous avons parfois besoin de stocker ces cookies. Nous vous expliquerons \u00e9galement comment vous pouvez emp\u00eacher le stockage de ces cookies, mais cela pourrait entra\u00eener une r\u00e9trogradation ou une \u201cannulation\u201d de certains \u00e9l\u00e9ments de la fonctionnalit\u00e9 du site.<\/p>\n<p>Pour plus d\u2019informations g\u00e9n\u00e9rales sur les cookies, consultez l\u2019article de Wikipedia sur les cookies HTTP.<\/p>\n<p>Comment utilisons-nous les cookies?<\/p>\n<p>Nous utilisons des cookies pour diverses raisons \u00e9num\u00e9r\u00e9es ci-dessous. Malheureusement, dans la plupart des cas, il n\u2019existe pas d\u2019option standard permettant de d\u00e9sactiver les cookies sans d\u00e9sactiver compl\u00e8tement les fonctionnalit\u00e9s qu\u2019ils ajoutent \u00e0 ce site. Il est recommand\u00e9 de conserver tous les cookies si vous ne savez pas si vous en avez besoin ou non s\u2019ils sont utilis\u00e9s pour fournir un service que vous utilisez.<\/p>\n<p>D\u00e9sactivation des cookies<\/p>\n<p>Vous pouvez emp\u00eacher l\u2019installation de cookies en ajustant les param\u00e8tres de votre navigateur (voir l\u2019Aide de votre navigateur). N\u2019oubliez pas que la d\u00e9sactivation des cookies affecte les fonctionnalit\u00e9s de ce site et de nombreux autres sites Web que vous visitez. La d\u00e9sactivation des cookies d\u00e9sactivera g\u00e9n\u00e9ralement certaines fonctionnalit\u00e9s et fonctions de ce site Web. Par cons\u00e9quent, il est recommand\u00e9 de ne pas d\u00e9sactiver les cookies.<\/p>\n<h2>Les Cookies Que Nous Mettons<\/h2>\n<p>Pour les formulaires<\/p>\n<p>Lorsque vous envoyez des donn\u00e9es via un formulaire tel qu\u2019il se trouve dans les pages de contact, des cookies peuvent \u00eatre configur\u00e9s pour qu\u2019ils se souviennent de la correspondance future avec vos donn\u00e9es d\u2019utilisateur.<\/p>\n<p>Param\u00e8tres du site<\/p>\n<p>Pour vous offrir une exp\u00e9rience inoubliable sur ce site, nous fournissons la fonctionnalit\u00e9 permettant de d\u00e9finir vos pr\u00e9f\u00e9rences pour l\u2019exploitation de ce site lorsque vous l\u2019utilisez. Afin de m\u00e9moriser vos pr\u00e9f\u00e9rences, nous devons d\u00e9finir des cookies afin de pouvoir acc\u00e9der \u00e0 ces informations lorsque vous interagissez avec une page.<\/p>\n<h2>Cookies De Tiers<\/h2>\n<p>Dans certains cas particuliers, nous utilisons \u00e9galement des cookies de tiers de confiance. La section suivante d\u00e9crit les cookies tiers pouvant appara\u00eetre sur ce site.<\/p>\n<p>Google Analytics<\/p>\n<p>Ce site Web utilise Google Analytics, l\u2019une des solutions d\u2019analyse les plus utilis\u00e9es et fiables sur le Web, pour nous aider \u00e0 comprendre comment vous utilisez le site et comment nous pouvons am\u00e9liorer votre exp\u00e9rience. Ces cookies peuvent enregistrer des \u00e9l\u00e9ments tels que la dur\u00e9e de votre s\u00e9jour sur le site Web et les pages que vous visitez, afin que nous puissions continuer \u00e0 cr\u00e9er du contenu int\u00e9ressant.<br \/>\nPour plus d\u2019informations sur les cookies Google Analytics, visitez la page officielle de Google Analytics.<\/p>\n<h2>Quels Droits Avez-Vous Sur Vos Donn\u00e9es?<\/h2>\n<p>Nous ne stockons pas de donn\u00e9es personnelles sur notre site Web. Nos formulaires de contact seront envoy\u00e9s par e-mail et toutes les donn\u00e9es fournies seront supprim\u00e9es.<\/p>\n<p>Vous pouvez demander que nous recevions un fichier de vos informations personnelles que nous avons stock\u00e9es \u00e0 votre sujet et que vous nous avez fournies. Vous pouvez \u00e9galement demander que nous supprimions les informations personnelles que nous avons stock\u00e9es \u00e0 votre sujet. Les exceptions \u00e0 cette r\u00e8gle sont les donn\u00e9es que nous devons stocker \u00e0 des fins administratives, juridiques ou li\u00e9es \u00e0 la s\u00e9curit\u00e9.<\/p>\n<h2>O\u00f9 Nous Envoyons Vos Donn\u00e9es<\/h2>\n<p>Notre soci\u00e9t\u00e9 d\u2019h\u00e9bergement est situ\u00e9e dans l\u2019Union europ\u00e9enne et est conforme \u00e0 la norme DSPR.<br \/>\nToutes les informations sont envoy\u00e9es via SSL \/ HTTPS pour des raisons de s\u00e9curit\u00e9.<\/p>\n<\/div>\n<\/div>\n<\/article>\n<article class=\"block-50 portrait-100\" role=\"article\">\n<div class=\"block-inner\">\n<div class=\"div_h1\">\n<h2>Comment Nous Prot\u00e9geons Vos Donn\u00e9es<\/h2>\n<p>Notre serveur dispose de m\u00e9canismes de protection contre les programmes malveillants, de syst\u00e8mes de rapports internes et d\u2019un syst\u00e8me de notification par courrier \u00e9lectronique en cas d\u2019activit\u00e9 suspecte.<\/p>\n<p>De plus, nous utilisons SSL \/ HTTPS sur tous nos sites. Cela crypte les communications de nos utilisateurs avec les serveurs afin que les informations personnelles ne soient jamais collect\u00e9es sans l\u2019autorisation de tiers.<\/p>\n<p>&nbsp;<\/p>\n<\/div>\n<\/div>\n<\/article>\n<p>Si vous recherchez plus d\u2019informations, vous pouvez nous contacter \u00e0 l\u2019adresse suivante:<\/p>\n<p>Email: contact@action-constructing.com<\/p>\n<p>Cette politique est en vigueur depuis le 13 juin 2018.[\/vc_column_text][\/vc_column_inner][\/vc_row_inner][vc_empty_space height=&#8221;50px&#8221;][\/vc_column][\/vc_row]<\/p>\n<\/section>","protected":false},"excerpt":{"rendered":"<p>[vc_row row_type=&#8221;row&#8221; use_row_as_full_screen_section=&#8221;no&#8221; type=&#8221;grid&#8221; angled_section=&#8221;no&#8221; text_align=&#8221;left&#8221; background_image_as_pattern=&#8221;without_pattern&#8221; padding_top=&#8221;150&#8243; padding_bottom=&#8221;150&#8243; css=&#8221;.vc_custom_1686151053588{margin-top: 100px !important;}&#8221;][vc_column][vc_custom_heading text=&#8221;Termes et conditions&#8221; font_container=&#8221;tag:h1|font_size:92px|text_align:left|color:%23000000|line_height:80px&#8221; google_fonts=&#8221;font_family:Open%20Sans%3A300%2C300italic%2Cregular%2Citalic%2C600%2C600italic%2C700%2C700italic%2C800%2C800italic|font_style:800%20bold%20regular%3A800%3Anormal&#8221;][vc_column_text] Action Constructing est une soci\u00e9t\u00e9 de d\u00e9veloppement immobilier poss\u00e9dant une vaste exp\u00e9rience dans la construction et la vente de villas de luxe, de maisons traditionnelles et d&#8217;appartements. [\/vc_column_text][vc_empty_space height=&#8221;50px&#8221;][vc_row_inner row_type=&#8221;row&#8221; type=&#8221;full_width&#8221; text_align=&#8221;left&#8221; css_animation=&#8221;&#8221;][vc_column_inner][vc_column_text]En acc\u00e9dant \u00e0 ce site Web, [&hellip;]<\/p>\n","protected":false},"author":1,"featured_media":0,"parent":0,"menu_order":0,"comment_status":"closed","ping_status":"open","template":"","meta":{"_acf_changed":false,"footnotes":""},"class_list":["post-49055","page","type-page","status-publish","hentry"],"acf":{"header_type":"light"},"_links":{"self":[{"href":"https:\/\/action-crete-homes.com\/fr\/wp-json\/wp\/v2\/pages\/49055","targetHints":{"allow":["GET"]}}],"collection":[{"href":"https:\/\/action-crete-homes.com\/fr\/wp-json\/wp\/v2\/pages"}],"about":[{"href":"https:\/\/action-crete-homes.com\/fr\/wp-json\/wp\/v2\/types\/page"}],"author":[{"embeddable":true,"href":"https:\/\/action-crete-homes.com\/fr\/wp-json\/wp\/v2\/users\/1"}],"replies":[{"embeddable":true,"href":"https:\/\/action-crete-homes.com\/fr\/wp-json\/wp\/v2\/comments?post=49055"}],"version-history":[{"count":1,"href":"https:\/\/action-crete-homes.com\/fr\/wp-json\/wp\/v2\/pages\/49055\/revisions"}],"predecessor-version":[{"id":49056,"href":"https:\/\/action-crete-homes.com\/fr\/wp-json\/wp\/v2\/pages\/49055\/revisions\/49056"}],"wp:attachment":[{"href":"https:\/\/action-crete-homes.com\/fr\/wp-json\/wp\/v2\/media?parent=49055"}],"curies":[{"name":"wp","href":"https:\/\/api.w.org\/{rel}","templated":true}]}}