{"id":49072,"date":"2023-03-31T09:04:04","date_gmt":"2023-03-31T06:04:04","guid":{"rendered":"https:\/\/action-crete-homes.com\/?page_id=49072"},"modified":"2025-08-29T11:54:21","modified_gmt":"2025-08-29T08:54:21","slug":"company","status":"publish","type":"page","link":"https:\/\/action-crete-homes.com\/fr\/company\/","title":{"rendered":"COMPAGNIE"},"content":{"rendered":"<section class=\"wpb-content-wrapper\"><p>[vc_row row_type=&#8221;row&#8221; css=&#8221;.vc_custom_1685297306400{margin-top: 100px !important;}&#8221;][vc_column][vc_custom_heading text=&#8221;Profile&#8221; font_container=&#8221;tag:h2|font_size:92|text_align:left|color:%23515151&#8243; google_fonts=&#8221;font_family:Open%20Sans%3A300%2C300italic%2Cregular%2Citalic%2C600%2C600italic%2C700%2C700italic%2C800%2C800italic|font_style:400%20regular%3A400%3Anormal&#8221; el_class=&#8221;custom_heading&#8221;][vc_empty_space height=&#8221;50px&#8221;][vc_column_text]<\/p>\n<h3>ACTION CONSTRUCTING EST UNE SOCI\u00c9T\u00c9 DE D\u00c9VELOPPEMENT IMMOBILIER AVEC UNE VASTE EXP\u00c9RIENCE DANS LA CONSTRUCTION ET LA VENTE DE VILLAS DE LUXE, DE MAISONS ET D\u2019APPARTEMENTS TRADITIONNELS.<\/h3>\n<p>[\/vc_column_text][vc_empty_space height=&#8221;50px&#8221;][\/vc_column][\/vc_row][vc_row row_type=&#8221;row&#8221;][vc_column width=&#8221;1\/2&#8243;][vc_column_text]Ayant son si\u00e8ge \u00e0 R\u00e9thymnon, ACTION \u00e9tend ses activit\u00e9s dans un grand rayon autour de R\u00e9thymnon et de La Can\u00e9e. Loutra, AgiaTriada, Pagalohori, Episkopi, Gavalohori, Vamos, Xirosterni, Paleloni, Kefalas, Kabia, Kokkino Horio, Aspro et plus g\u00e9n\u00e9ralement Apokoronas, sont des domaines, dans lesquels nos b\u00e2timents ont donn\u00e9 une nouvelle touche, sans bien s\u00fbr nuire au milieu naturel et la beaut\u00e9.<br \/>\nACTION, fond\u00e9e en 1998, a \u00e9t\u00e9 rebaptis\u00e9e ACTION CONSTRUCTING S.A. en janvier 2003 et est jusqu\u2019\u00e0 pr\u00e9sent une entreprise de construction bien connue et tr\u00e8s respect\u00e9e. Les actionnaires de la soci\u00e9t\u00e9, qui sont des architectes, travaillent dans le domaine de la construction et de la vente r\u00e9sidentielle depuis 1984. Notre longue et remarquable pr\u00e9sence sur le march\u00e9 de la promotion immobili\u00e8re, de la construction et de la vente de b\u00e2timents, ainsi que les \u00e9quipements et installations appropri\u00e9s, nous permet d\u2019avoir un pass\u00e9 tr\u00e8s actif avec de nombreux \u00e9chantillons de notre travail. Nos projets pass\u00e9s sont une preuve de notre travail en mati\u00e8re de qualit\u00e9 et de m\u00e9thode professionnelle.[\/vc_column_text][\/vc_column][vc_column width=&#8221;1\/2&#8243;][vc_column_text]Que vous souhaitiez acheter une propri\u00e9t\u00e9 en Cr\u00e8te uniquement \u00e0 titre d\u2019investissement ou trouver une maison de retraite, nous sommes l\u00e0 pour vous. Si vous avez besoin d\u2019une r\u00e9sidence de vacances pour un usage personnel ou pour d\u2019\u00e9ventuels revenus gr\u00e2ce \u00e0 la location, ACTION a toujours quelque chose \u00e0 offrir.<\/p>\n<p>Si vous envisagez d\u2019acheter une propri\u00e9t\u00e9 avec vue sur la mer en Cr\u00e8te, ou si vous en avez d\u00e9j\u00e0 achet\u00e9 une, nous esp\u00e9rons que vous trouverez notre site Web utile. Nous essayons de mettre \u00e0 jour r\u00e9guli\u00e8rement nos pages avec des informations int\u00e9ressantes pour les propri\u00e9taires en Cr\u00e8te, pour ceux qui vivent ici en permanence ou qui viennent occasionnellement.<\/p>\n<p>Pour en savoir plus sur ce que l\u2019\u00eele idyllique de Cr\u00e8te a \u00e0 offrir et les raisons pour lesquelles tant de gens d\u00e9cident d\u2019acheter une maison ici, veuillez visiter nos pages sur la Cr\u00e8te et pourquoi la Cr\u00e8te?[\/vc_column_text][\/vc_column][\/vc_row][vc_row full_width=&#8221;stretch_row_content_no_spaces&#8221; section_height=&#8221;600&#8243; row_type=&#8221;row&#8221; css=&#8221;.vc_custom_1686154553270{margin-top: 50px !important;padding-top: 160px !important;}&#8221;][vc_column css=&#8221;.vc_custom_1686154435202{padding-top: 250px !important;padding-bottom: 80px !important;}&#8221;]<div class='gambit_parallax_row' data-bg-align='' data-direction='fixed' data-opacity='100' data-velocity='-0.3' data-mobile-enabled='' data-bg-height='1043' data-bg-width='1600' data-bg-image='https:\/\/action-crete-homes.com\/wp-content\/uploads\/2015\/03\/Construction_1.jpg' data-bg-repeat='false' data-id='' style='display: none'><\/div>[\/vc_column][\/vc_row][vc_row full_width=&#8221;stretch_row&#8221; equal_height=&#8221;yes&#8221; row_type=&#8221;row&#8221; css=&#8221;.vc_custom_1682344840258{margin-bottom: 0px !important;border-bottom-width: 0px !important;padding-top: 150px !important;padding-bottom: 0px !important;}&#8221;][vc_column css=&#8221;.vc_custom_1682338083020{margin-bottom: 0px !important;border-bottom-width: 0px !important;padding-bottom: 0px !important;}&#8221;][vc_custom_heading text=&#8221;Services&#8221; font_container=&#8221;tag:h2|font_size:92|text_align:left|color:%23515151&#8243; google_fonts=&#8221;font_family:Open%20Sans%3A300%2C300italic%2Cregular%2Citalic%2C600%2C600italic%2C700%2C700italic%2C800%2C800italic|font_style:400%20regular%3A400%3Anormal&#8221; el_class=&#8221;custom_heading&#8221;][vc_column_text css=&#8221;.vc_custom_1687092837367{padding-top: 50px !important;}&#8221;]<\/p>\n<h3 style=\"letter-spacing: 1px; font-size: 20px; font-weight: bold; line-height: 1.3;\">AVEC LE PLUS GRAND RESPECT DES SOUHAITS DE NOS CLIENTS ET LA PLUS HAUTE QUALIT\u00c9 DE CONSTRUCTION, NOUS GARANTISSONS UNE MAISON EN CR\u00c8TE QUI R\u00c9ALISERA LEURS R\u00caVES.<\/h3>\n<p>[\/vc_column_text][\/vc_column][\/vc_row][vc_row row_type=&#8221;row&#8221; css=&#8221;.vc_custom_1682338162640{padding-top: 10px !important;}&#8221;][vc_column width=&#8221;1\/2&#8243;][vc_column_text]<\/p>\n<h5><strong>NOS SERVICES STANDARD<\/strong><\/h5>\n<p>Poss\u00e9der une maison sur la magnifique \u00eele de Cr\u00e8te est quelque chose dont la plupart des gens r\u00eaveraient. Cependant, faire construire une maison en Cr\u00e8te peut \u00eatre une exp\u00e9rience potentiellement longue et m\u00eame stressante! L\u2019\u00e9tude de march\u00e9 d\u00e9taill\u00e9e n\u00e9cessaire, la patience sans fin et la supervision personnelle de chaque \u00e9tape de la construction en font une perspective intimidante pour la plupart des gens.[\/vc_column_text][\/vc_column][vc_column width=&#8221;1\/2&#8243;][vc_column_text]<\/p>\n<h5><strong>NOS SERVICES SUPPL\u00c9MENTAIRES \u2013 SERVICE APR\u00c8S-VENTE<\/strong><\/h5>\n<p>Une fois votre maison de r\u00eave en Cr\u00e8te termin\u00e9e, vous devrez la meubler et l\u2019\u00e9quiper. ACTION Constructing S.A. offre un excellent service apr\u00e8s-vente, enti\u00e8rement gratuit, \u00e0 tous ses clients. Nous vous accompagnons \u00e0 chaque \u00e9tape et vous aidons \u00e0 trouver les magasins et les fournisseurs les plus appropri\u00e9s dont vous pourriez avoir besoin pour que votre nouvelle maison cr\u00e9toise se sente comme chez vous![\/vc_column_text][\/vc_column][\/vc_row][vc_row full_width=&#8221;stretch_row_content_no_spaces&#8221; section_height=&#8221;600&#8243; row_type=&#8221;row&#8221; css=&#8221;.vc_custom_1687092910925{padding-bottom: 50px !important;}&#8221;][vc_column css=&#8221;.vc_custom_1686153690642{padding-bottom: 40px !important;}&#8221;][vc_empty_space height=&#8221;50px&#8221;][vc_column_text]<\/p>\n<p style=\"text-align: center;\"><a href=\"http:\/\/action-crete-homes.com\/company\/services\/\">Learn More\u00a0\u2192<\/a><\/p>\n<p>[\/vc_column_text][\/vc_column][\/vc_row][vc_row full_width=&#8221;stretch_row_content_no_spaces&#8221; section_height=&#8221;600&#8243; row_type=&#8221;row&#8221; css=&#8221;.vc_custom_1687093057228{margin-top: 150px !important;padding-top: 160px !important;padding-bottom: 390px !important;}&#8221;][vc_column css=&#8221;.vc_custom_1686154143251{padding-top: 200px !important;padding-bottom: 80px !important;}&#8221;]<div class='gambit_parallax_row' data-bg-align='' data-direction='fixed' data-opacity='100' data-velocity='-0.3' data-mobile-enabled='' data-bg-height='1087' data-bg-width='1900' data-bg-image='https:\/\/action-crete-homes.com\/wp-content\/uploads\/2017\/07\/action-office-stairs.jpg' data-bg-repeat='false' data-id='' style='display: none'><\/div>[\/vc_column][\/vc_row][vc_row full_width=&#8221;stretch_row&#8221; equal_height=&#8221;yes&#8221; row_type=&#8221;row&#8221; css=&#8221;.vc_custom_1682344849006{margin-bottom: 0px !important;border-bottom-width: 0px !important;padding-top: 150px !important;padding-bottom: 0px !important;}&#8221;][vc_column css=&#8221;.vc_custom_1682338083020{margin-bottom: 0px !important;border-bottom-width: 0px !important;padding-bottom: 0px !important;}&#8221;][vc_custom_heading text=&#8221;Our Past&#8221; font_container=&#8221;tag:h2|font_size:92|text_align:left|color:%23515151&#8243; google_fonts=&#8221;font_family:Open%20Sans%3A300%2C300italic%2Cregular%2Citalic%2C600%2C600italic%2C700%2C700italic%2C800%2C800italic|font_style:400%20regular%3A400%3Anormal&#8221; el_class=&#8221;custom_heading&#8221;][vc_column_text css=&#8221;.vc_custom_1686153029066{padding-top: 50px !important;}&#8221;]<\/p>\n<h3 style=\"letter-spacing: 1px; font-size: 20px; font-weight: bold; line-height: 1.3;\">BIEN CONNUE ET TR\u00c8S RESPECT\u00c9E DEPUIS 1998, L\u2019\u00c9QUIPE ACTION, A CONSTRUIT PLUS DE 200 VILLAS ET SATISFAIT PLUS DE 300 CLIENTS.<\/h3>\n<p>[\/vc_column_text][vc_row_inner][vc_column_inner][vc_column_text]<a style=\"text-align: center;\" href=\"https:\/\/action-crete-homes.com\/company\/our-past\/\">Learn More\u00a0\u2192<\/a>[\/vc_column_text][\/vc_column_inner][\/vc_row_inner][\/vc_column][\/vc_row][vc_row row_type=&#8221;row&#8221; css=&#8221;.vc_custom_1682338162640{padding-top: 10px !important;}&#8221;][vc_column width=&#8221;1\/2&#8243;][vc_column_text]<\/p>\n<h5 style=\"font-size: 20px; letter-spacing: 1px;\">\u00c9QUIPE<\/h5>\n<p>Les actionnaires de la soci\u00e9t\u00e9, architectes, travaillent dans le domaine de la construction et de la vente r\u00e9sidentielle depuis 1984. Notre longue et remarquable pr\u00e9sence sur le march\u00e9 de la promotion immobili\u00e8re, de la construction de b\u00e2timents et de la vente, avec tous les \u00e9quipements et installations n\u00e9cessaires, nous permet de ont un pass\u00e9 tr\u00e8s actif avec de nombreux \u00e9chantillons de notre travail tels que des projets de location, des immeubles, des petites colonies et des villas individuelles.[\/vc_column_text][\/vc_column][vc_column width=&#8221;1\/2&#8243;][vc_column_text]<\/p>\n<h5 style=\"font-size: 20px; letter-spacing: 1px;\">PROJETS ANT\u00c9RIEURS<\/h5>\n<p>Nos projets pass\u00e9s ainsi que nos clients satisfaits sont la preuve de notre travail en mati\u00e8re de qualit\u00e9 et de m\u00e9thode professionnelle. Une qualit\u00e9 et une architecture raffin\u00e9es combin\u00e9es au prix le plus bas, est notre premi\u00e8re priorit\u00e9 et c\u2019est ce qui nous rend uniques. Notre style d\u2019architecture se compose d\u2019un design moderne et traditionnel de luxe, d\u2019une combinaison de ces deux \u00e9l\u00e9ments ou d\u2019un design m\u00e9diterran\u00e9en. Cela d\u00e9pend du type de projet et du paysage, ou cela d\u00e9pend de l\u2019esth\u00e9tique et du style de vie des clients lorsqu\u2019il s\u2019agit de maison sur mesure, toujours dans le respect de l\u2019environnement naturel.<\/p>\n<p>[\/vc_column_text][\/vc_column][\/vc_row][vc_row full_width=&#8221;stretch_row_content_no_spaces&#8221; section_height=&#8221;600&#8243; row_type=&#8221;row&#8221;][vc_column css=&#8221;.vc_custom_1686153690642{padding-bottom: 40px !important;}&#8221;][vc_column_text]<\/p>\n<p style=\"text-align: center;\"><a href=\"http:\/\/action-crete-homes.com\/company\/our-past\">Learn More\u00a0\u2192<\/a><\/p>\n<p>[\/vc_column_text][\/vc_column][\/vc_row][vc_row full_width=&#8221;stretch_row_content_no_spaces&#8221; section_height=&#8221;600&#8243; row_type=&#8221;row&#8221; css=&#8221;.vc_custom_1687093166241{margin-top: 100px !important;padding-bottom: 150px !important;}&#8221;][vc_column css=&#8221;.vc_custom_1686154143251{padding-top: 200px !important;padding-bottom: 80px !important;}&#8221;]<div class='gambit_parallax_row' data-bg-align='' data-direction='fixed' data-opacity='100' data-velocity='-0.3' data-mobile-enabled='' data-bg-height='1155' data-bg-width='1900' data-bg-image='https:\/\/action-crete-homes.com\/wp-content\/uploads\/2015\/03\/lily-office-architecture-designing.jpg' data-bg-repeat='false' data-id='' style='display: none'><\/div>[\/vc_column][\/vc_row][vc_row full_width=&#8221;stretch_row&#8221; equal_height=&#8221;yes&#8221; row_type=&#8221;row&#8221; css=&#8221;.vc_custom_1682344840258{margin-bottom: 0px !important;border-bottom-width: 0px !important;padding-top: 150px !important;padding-bottom: 0px !important;}&#8221;][vc_column css=&#8221;.vc_custom_1682338083020{margin-bottom: 0px !important;border-bottom-width: 0px !important;padding-bottom: 0px !important;}&#8221;][vc_custom_heading text=&#8221;The Team&#8221; font_container=&#8221;tag:h2|font_size:92|text_align:left|color:%23515151&#8243; google_fonts=&#8221;font_family:Open%20Sans%3A300%2C300italic%2Cregular%2Citalic%2C600%2C600italic%2C700%2C700italic%2C800%2C800italic|font_style:400%20regular%3A400%3Anormal&#8221; el_class=&#8221;custom_heading&#8221;][vc_column_text css=&#8221;.vc_custom_1686153140520{padding-top: 50px !important;}&#8221;]<\/p>\n<h3 style=\"letter-spacing: 1px; font-size: 20px; font-weight: bold; line-height: 1.3;\">UN GROUPE GUID\u00c9 PAR LA QUALIT\u00c9 QUI AIME \u00caTRE UN CHEF DE FILE DANS L\u2019INDUSTRIE EN D\u00c9VELOPPEMENT. NOUS SOMMES DES DESIGNERS, DES CONSTRUCTEURS ET DES ARCHITECTES. ET NOUS SOMMES L\u00c0 POUR VOUS.<\/h3>\n<p>[\/vc_column_text][\/vc_column][\/vc_row][vc_row row_type=&#8221;row&#8221;][vc_column width=&#8221;1\/3&#8243; el_class=&#8221;wrapper_cards&#8221;][vc_single_image image=&#8221;37252&#8243; img_size=&#8221;400&#215;400&#8243;][vc_empty_space height=&#8221;15px&#8221;][vc_column_text]<\/p>\n<h5><strong>LILY VELIVASAKI<\/strong><\/h5>\n<p><em>\u00abL\u2019architecture en M\u00e9diterran\u00e9e est \u00e9galement form\u00e9e par l\u2019espace int\u00e9rieur et ext\u00e9rieur et surtout par la mani\u00e8re dont ceux-ci sont articul\u00e9s ensemble \u00bb<\/em>[\/vc_column_text][\/vc_column][vc_column width=&#8221;1\/3&#8243;][vc_single_image image=&#8221;38965&#8243; img_size=&#8221;400&#215;400&#8243;][vc_empty_space height=&#8221;15px&#8221;][vc_column_text]<\/p>\n<h5><strong>MANOLIS VELIVASAKIS<\/strong><\/h5>\n<p><em>\u00ab Nous mettons l\u2019accent sur la qualit\u00e9 de la construction, ainsi que sur l\u2019architecture de nos propri\u00e9t\u00e9s. Parce que le Feng Shui de votre maison affecte votre \u00e9nergie positive \u00bb<\/em>[\/vc_column_text][\/vc_column][vc_column width=&#8221;1\/3&#8243;][vc_single_image image=&#8221;38987&#8243; img_size=&#8221;400&#215;400&#8243;][vc_empty_space height=&#8221;15px&#8221;][vc_column_text]<\/p>\n<h5><strong>GEORGE VELIVASAKIS<\/strong><\/h5>\n<p><em>\u00ab L\u2019architecture, c\u2019est \u00bb loger \u00ab ses besoins. C\u2019est l\u2019un de nos grands principes ici en Action Constructing \u00bb<\/em><\/p>\n<p>[\/vc_column_text][\/vc_column][\/vc_row][vc_row row_type=&#8221;row&#8221; css=&#8221;.vc_custom_1682347022217{padding-top: 50px !important;}&#8221;][vc_column width=&#8221;1\/3&#8243; el_class=&#8221;wrapper_cards&#8221;][vc_single_image image=&#8221;38990&#8243; img_size=&#8221;400&#215;400&#8243;][vc_empty_space height=&#8221;15px&#8221;][vc_column_text]<\/p>\n<h5><strong>SOULA KARACHRISTOU<\/strong><\/h5>\n<p><em>\u00ab Poss\u00e9der une maison sur la magnifique \u00eele de Cr\u00e8te est quelque chose dont la plupart des gens r\u00eaveraient. Cependant, cela pourrait \u00eatre une exp\u00e9rience longue et m\u00eame stressante! Eh bien, pas avec nous \u00bb<\/em>[\/vc_column_text][\/vc_column][vc_column width=&#8221;1\/3&#8243;][vc_single_image image=&#8221;38986&#8243; img_size=&#8221;400&#215;400&#8243;][vc_empty_space height=&#8221;15px&#8221;][vc_column_text]<\/p>\n<h5><strong>ELPIDA VELEGRAKI<\/strong><\/h5>\n<p><em>\u00ab Nous concevons et construisons dans les plus brefs d\u00e9lais, gr\u00e2ce \u00e0 nos \u00e9quipes de conception et de construction exp\u00e9riment\u00e9es \u00bb<\/em>[\/vc_column_text][\/vc_column][vc_column width=&#8221;1\/3&#8243;][vc_single_image image=&#8221;37990&#8243; img_size=&#8221;400&#215;400&#8243;][vc_empty_space height=&#8221;15px&#8221;][vc_column_text]<\/p>\n<h5><strong>VAGELIS APOSTOLAKIS<\/strong><\/h5>\n<p><em>\u00ab Nous sommes l\u00e0 pour superviser et effectuer toutes les proc\u00e9dures n\u00e9cessaires, afin que votre maison de r\u00eave devienne r\u00e9alit\u00e9!<\/em>[\/vc_column_text][\/vc_column][\/vc_row][vc_row row_type=&#8221;row&#8221; css=&#8221;.vc_custom_1682347022217{padding-top: 50px !important;}&#8221;][vc_column width=&#8221;1\/3&#8243; el_class=&#8221;wrapper_cards&#8221;][vc_single_image image=&#8221;52188&#8243; img_size=&#8221;400&#215;400&#8243;][vc_empty_space height=&#8221;15px&#8221;][vc_column_text]<\/p>\n<h5><strong>VASILIA MAZARAKI<\/strong><\/h5>\n<p><em>\u00abTransformer les r\u00eaves en villas et les villas en souvenirs inoubliables.\u00bb<\/em>[\/vc_column_text][\/vc_column][vc_column width=&#8221;1\/3&#8243;][vc_single_image image=&#8221;52212&#8243; img_size=&#8221;400&#215;400&#8243;][vc_empty_space height=&#8221;15px&#8221;][vc_column_text]<\/p>\n<h5><strong>STAVROULA MAMALAKI<\/strong><\/h5>\n<p><em>\u00ab Con\u00e7u autour de vous. \u00bb<\/em>[\/vc_column_text][\/vc_column][vc_column width=&#8221;1\/3&#8243;][vc_single_image image=&#8221;52209&#8243; img_size=&#8221;400&#215;400&#8243;][vc_empty_space height=&#8221;15px&#8221;][vc_column_text]<\/p>\n<h5><strong>KONSTANTINA KAPETANAKI<\/strong><\/h5>\n<p>\u00ab Lignes pures. Id\u00e9es audacieuses. \u00bb[\/vc_column_text][\/vc_column][\/vc_row][vc_row row_type=&#8221;row&#8221; css=&#8221;.vc_custom_1682347022217{padding-top: 50px !important;}&#8221;][vc_column width=&#8221;1\/3&#8243; el_class=&#8221;wrapper_cards&#8221;][vc_single_image image=&#8221;52215&#8243; img_size=&#8221;400&#215;400&#8243;][vc_empty_space height=&#8221;15px&#8221;][vc_column_text]<\/p>\n<h5><strong>DESPOINA TZIORA<\/strong><\/h5>\n<p>\u00ab Construire l\u2019harmonie avec la nature \u00bb[\/vc_column_text][\/vc_column][vc_column width=&#8221;1\/3&#8243;][vc_single_image image=&#8221;43934&#8243; img_size=&#8221;400&#215;400&#8243;][vc_empty_space height=&#8221;15px&#8221;][vc_column_text css_animation=&#8221;fadeInUp&#8221;]Besoin de nouveaux talents<\/p>\n<p>Description Contrema\u00eetre de chantier \u2013 Contrema\u00eetre<\/p>\n<p>QUE CHERCHONS-NOUS?<\/p>\n<p>Nous recherchons un contrema\u00eetre de chantier \u00e0 temps plein pour g\u00e9rer la construction de projets de petite et moyenne envergure. L\u2019objet concerne toutes les \u00e9tapes de construction, du d\u00e9but \u00e0 la r\u00e9alisation et \u00e0 la livraison des projets. CONDITIONS PR\u00c9ALABLES Connaissance de l\u2019ing\u00e9nieur civil \u2013 ing\u00e9nieur civil 3 ans de service dans le domaine de la construction avec projets termin\u00e9s Connaissance des programmes de conception (Autocad) Permis de conduire Un dipl\u00f4me en g\u00e9nie civil ou en g\u00e9nie civil sera consid\u00e9r\u00e9.<\/p>\n<p>Envoyez votre candidature accompagn\u00e9e de votre CV \u00e0 contact@action-constructing.com<\/p>\n<p>10 Chortatzi Street G.Rethymnon, Cr\u00e8te, Gr\u00e8ce<br \/>\n<a href=\"https:\/\/action-crete-homes.com\/join-the-team\/\">Apply Now<\/a>[\/vc_column_text][\/vc_column][vc_column width=&#8221;1\/3&#8243;][\/vc_column][\/vc_row][vc_row full_width=&#8221;stretch_row_content_no_spaces&#8221; parallax=&#8221;content-moving&#8221; parallax_image=&#8221;37346&#8243; css_animation=&#8221;none&#8221; row_type=&#8221;row&#8221; css=&#8221;.vc_custom_1710403162917{margin-top: 150px !important;padding-top: 160px !important;padding-bottom: 390px !important;background-image: url(https:\/\/action-crete-homes.com\/wp-content\/uploads\/2023\/04\/soula-lily-office.webp?id=1992) !important;background-position: center;background-repeat: no-repeat !important;background-size: cover !important;}&#8221; el_class=&#8221;bg_image&#8221;][vc_column][\/vc_column][\/vc_row][vc_row full_width=&#8221;stretch_row&#8221; equal_height=&#8221;yes&#8221; row_type=&#8221;row&#8221; css=&#8221;.vc_custom_1682344840258{margin-bottom: 0px !important;border-bottom-width: 0px !important;padding-top: 150px !important;padding-bottom: 0px !important;}&#8221;][vc_column css=&#8221;.vc_custom_1682338083020{margin-bottom: 0px !important;border-bottom-width: 0px !important;padding-bottom: 0px !important;}&#8221;][vc_custom_heading text=&#8221;Latest News&#8221; font_container=&#8221;tag:h2|font_size:64|text_align:left|color:%23515151&#8243; google_fonts=&#8221;font_family:Open%20Sans%3A300%2C300italic%2Cregular%2Citalic%2C600%2C600italic%2C700%2C700italic%2C800%2C800italic|font_style:400%20regular%3A400%3Anormal&#8221; el_class=&#8221;custom_heading&#8221;][vc_column_text css=&#8221;.vc_custom_1686153359343{padding-top: 50px !important;}&#8221;]<\/p>\n<h3 style=\"letter-spacing: 1px; font-size: 20px; font-weight: bold; line-height: 1.3;\">ACTUALIT\u00c9S ET \u00c9V\u00c9NEMENTS DU DOMAINE DE LA CONSTRUCTION EN GR\u00c8CE ET \u00c0 L\u2019\u00c9TRANGER<\/h3>\n<p>[\/vc_column_text][\/vc_column][\/vc_row][vc_row row_type=&#8221;row&#8221;][vc_column][vc_masonry_grid post_type=&#8221;post&#8221; max_items=&#8221;6&#8243; item=&#8221;49561&#8243; grid_id=&#8221;vc_gid:1756456982188-eff633f3-35b9-2&#8243; el_class=&#8221;company_post_grid&#8221;][\/vc_column][\/vc_row][vc_row row_type=&#8221;row&#8221; css=&#8221;.vc_custom_1687727675267{margin-top: 20px !important;margin-bottom: 40px !important;}&#8221;][vc_column][vc_column_text]<\/p>\n<p style=\"text-align: center;\"><a href=\"https:\/\/action-crete-homes.com\/fr\/company\/news\/\">View all news \u2192<\/a><\/p>\n<p>[\/vc_column_text][\/vc_column][\/vc_row]<\/p>\n<\/section>","protected":false},"excerpt":{"rendered":"<p>[vc_row row_type=&#8221;row&#8221; css=&#8221;.vc_custom_1685297306400{margin-top: 100px !important;}&#8221;][vc_column][vc_custom_heading text=&#8221;Profile&#8221; font_container=&#8221;tag:h2|font_size:92|text_align:left|color:%23515151&#8243; google_fonts=&#8221;font_family:Open%20Sans%3A300%2C300italic%2Cregular%2Citalic%2C600%2C600italic%2C700%2C700italic%2C800%2C800italic|font_style:400%20regular%3A400%3Anormal&#8221; el_class=&#8221;custom_heading&#8221;][vc_empty_space height=&#8221;50px&#8221;][vc_column_text] ACTION CONSTRUCTING EST UNE SOCI\u00c9T\u00c9 DE D\u00c9VELOPPEMENT IMMOBILIER AVEC UNE VASTE EXP\u00c9RIENCE DANS LA CONSTRUCTION ET LA VENTE DE VILLAS DE LUXE, DE MAISONS ET D\u2019APPARTEMENTS TRADITIONNELS. [\/vc_column_text][vc_empty_space height=&#8221;50px&#8221;][\/vc_column][\/vc_row][vc_row row_type=&#8221;row&#8221;][vc_column width=&#8221;1\/2&#8243;][vc_column_text]Ayant son si\u00e8ge \u00e0 R\u00e9thymnon, ACTION \u00e9tend ses activit\u00e9s dans un grand rayon autour de [&hellip;]<\/p>\n","protected":false},"author":1,"featured_media":0,"parent":0,"menu_order":0,"comment_status":"closed","ping_status":"closed","template":"","meta":{"_acf_changed":false,"footnotes":""},"class_list":["post-49072","page","type-page","status-publish","hentry"],"acf":{"header_type":"light"},"_links":{"self":[{"href":"https:\/\/action-crete-homes.com\/fr\/wp-json\/wp\/v2\/pages\/49072","targetHints":{"allow":["GET"]}}],"collection":[{"href":"https:\/\/action-crete-homes.com\/fr\/wp-json\/wp\/v2\/pages"}],"about":[{"href":"https:\/\/action-crete-homes.com\/fr\/wp-json\/wp\/v2\/types\/page"}],"author":[{"embeddable":true,"href":"https:\/\/action-crete-homes.com\/fr\/wp-json\/wp\/v2\/users\/1"}],"replies":[{"embeddable":true,"href":"https:\/\/action-crete-homes.com\/fr\/wp-json\/wp\/v2\/comments?post=49072"}],"version-history":[{"count":43,"href":"https:\/\/action-crete-homes.com\/fr\/wp-json\/wp\/v2\/pages\/49072\/revisions"}],"predecessor-version":[{"id":52218,"href":"https:\/\/action-crete-homes.com\/fr\/wp-json\/wp\/v2\/pages\/49072\/revisions\/52218"}],"wp:attachment":[{"href":"https:\/\/action-crete-homes.com\/fr\/wp-json\/wp\/v2\/media?parent=49072"}],"curies":[{"name":"wp","href":"https:\/\/api.w.org\/{rel}","templated":true}]}}