{"id":49143,"date":"2015-05-04T15:52:00","date_gmt":"2015-05-04T12:52:00","guid":{"rendered":"https:\/\/action-crete-homes.com\/?page_id=49143"},"modified":"2023-06-07T20:11:45","modified_gmt":"2023-06-07T17:11:45","slug":"invest","status":"publish","type":"page","link":"https:\/\/action-crete-homes.com\/fr\/invest\/","title":{"rendered":"Investir en Cr\u00e8te"},"content":{"rendered":"<section class=\"wpb-content-wrapper\"><p>[vc_row row_type=&#8221;row&#8221; use_row_as_full_screen_section=&#8221;no&#8221; type=&#8221;grid&#8221; angled_section=&#8221;no&#8221; text_align=&#8221;center&#8221; background_image_as_pattern=&#8221;without_pattern&#8221; padding_top=&#8221;200&#8243; padding_bottom=&#8221;200&#8243; css=&#8221;.vc_custom_1686157767071{margin-top: 100px !important;}&#8221;][vc_column][vc_row_inner row_type=&#8221;row&#8221; type=&#8221;full_width&#8221; text_align=&#8221;left&#8221; css_animation=&#8221;element_from_fade&#8221;][vc_column_inner][vc_custom_heading text=&#8221;Investir en Cr\u00e8te&#8221; font_container=&#8221;tag:h2|font_size:62px|text_align:center|color:%23515151|line_height:60px&#8221; google_fonts=&#8221;font_family:Open%20Sans%3A300%2C300italic%2Cregular%2Citalic%2C600%2C600italic%2C700%2C700italic%2C800%2C800italic|font_style:800%20bold%20regular%3A800%3Anormal&#8221;][\/vc_column_inner][\/vc_row_inner][vc_row_inner row_type=&#8221;row&#8221; type=&#8221;full_width&#8221; text_align=&#8221;left&#8221; css_animation=&#8221;element_from_fade&#8221; transition_delay=&#8221;1500&#8243;][vc_column_inner][vc_custom_heading text=&#8221;Un investissement pour la vie qui peut vous offrir bien plus que vous pensez&#8221; font_container=&#8221;tag:h2|font_size:42px|text_align:center|color:%23999999|line_height:40px&#8221; google_fonts=&#8221;font_family:Open%20Sans%3A300%2C300italic%2Cregular%2Citalic%2C600%2C600italic%2C700%2C700italic%2C800%2C800italic|font_style:800%20bold%20regular%3A800%3Anormal&#8221;][\/vc_column_inner][\/vc_row_inner][\/vc_column][\/vc_row][vc_row full_width=&#8221;stretch_row_content_no_spaces&#8221; css=&#8221;.vc_custom_1686157846783{margin-top: 100px !important;margin-bottom: 100px !important;padding-top: 230px !important;padding-bottom: 230px !important;}&#8221;][vc_column]<div class='gambit_parallax_row' data-bg-align='' data-direction='up' data-opacity='100' data-velocity='-0.3' data-mobile-enabled='' data-bg-height='1018' data-bg-width='2000' data-bg-image='https:\/\/action-crete-homes.com\/wp-content\/uploads\/2015\/04\/3-A.jpg' data-bg-repeat='false' data-id='' style='display: none'><\/div>[\/vc_column][\/vc_row][vc_row row_type=&#8221;row&#8221; use_row_as_full_screen_section=&#8221;no&#8221; type=&#8221;grid&#8221; angled_section=&#8221;no&#8221; text_align=&#8221;left&#8221; background_image_as_pattern=&#8221;without_pattern&#8221; padding_top=&#8221;150&#8243; padding_bottom=&#8221;150&#8243;][vc_column][vc_column_text]<\/p>\n<h3><strong>INFORMATIONS G\u00c9N\u00c9RALES<\/strong><\/h3>\n<p>[\/vc_column_text][vc_empty_space height=&#8221;50px&#8221;][vc_row_inner row_type=&#8221;row&#8221; type=&#8221;full_width&#8221; text_align=&#8221;left&#8221; css_animation=&#8221;&#8221;][vc_column_inner width=&#8221;1\/2&#8243;][vc_column_text]<\/p>\n<div>Etant l\u2019un des leaders du tourisme europ\u00e9en, la Gr\u00e8ce offre a ses citoyens et \u00e9trangers, un climat d\u2019investissement attractif dans le domaine de l\u2019acquisition de biens immobiliers. Ce type d\u2019investissements au sein de pays aux infrastructures touristiques d\u00e9velopp\u00e9es est caract\u00e9ris\u00e9 par un risque minimum et un retour sur investissement dynamique en cas d\u2019acquisition d\u2019objets commerciaux.<\/div>\n<div><\/div>\n<div>La l\u00e9gislation grecque autorise l\u2019acquisition de biens immobiliers par des citoyens provenant de pays qui ne sont pas dans l\u2019Union Europ\u00e9enne. Toutefois, nous avons certaines restrictions, l\u2019achat d\u2019une propri\u00e9t\u00e9 situ\u00e9e en fronti\u00e8res et dans les zones de loisirs, y compris les zones signalis\u00e9es, exige une coordination avec les autorit\u00e9s. De plus le statut des territoires changeant constamment, la consultation d\u2019un avocat comp\u00e9tent est n\u00e9cessaire avant la conclusion de tout accord.<\/div>\n<p>[\/vc_column_text][\/vc_column_inner][vc_column_inner width=&#8221;1\/2&#8243;][vc_column_text]<\/p>\n<div>La large gamme de propri\u00e9t\u00e9s, depuis les petits appartements en ville aux villas luxueuses sur les c\u00f4tes pittoresque, est un des avantages dans l\u2019acquisition d\u2019un bien immobilier en Cr\u00e8te. La vari\u00e9t\u00e9 des prix permet quasiment d\u2019acqu\u00e9rir une propri\u00e9t\u00e9 pour tous les budgets. Une troisi\u00e8me incitation inconditionnelle d\u2019investissement est le fait que les prix disponibles, le sont pour la majorit\u00e9 des pays europ\u00e9ens Et pour quatri\u00e8me avantage, le processus d\u2019acquisition des biens immobiliers est simplifi\u00e9.<\/div>\n<div><\/div>\n<div>Trois raisons pour lesquelles les investisseurs potentiels veulent investir leur capital dans une propri\u00e9t\u00e9 en Cr\u00e8te. C\u2019est un lieu propice aux actifs libres; comme un moyen de recevoir un permis de r\u00e9sidence ou le multi-visa Schengen, et un excellent revenue par l\u2019acquisition de chambres \u00e0 louer.<\/div>\n<p>[\/vc_column_text][\/vc_column_inner][\/vc_row_inner][vc_empty_space height=&#8221;150px&#8221;][vc_column_text]<\/p>\n<h3 style=\"text-align: center;\">COMMENT OBTENIR UNE LICENSE EOT<\/h3>\n<p style=\"text-align: center;\">Pour d\u2019informations sur la location de votre Propri\u00e9t\u00e9 en Cr\u00e8te et Comment Obtenir une Licence EOT cliquez sur l\u2019image ci-dessous.<\/p>\n<p>[\/vc_column_text][vc_empty_space height=&#8221;50px&#8221;][vc_single_image image=&#8221;41090&#8243; img_size=&#8221;250&#215;250&#8243; alignment=&#8221;center&#8221; onclick=&#8221;custom_link&#8221; qode_css_animation=&#8221;&#8221; link=&#8221;http:\/\/action-crete-homes.com\/fr\/company\/eot-license\/&#8221; el_class=&#8221;image-hover-highlight&#8221;][\/vc_column][\/vc_row][vc_row full_width=&#8221;stretch_row_content_no_spaces&#8221; css=&#8221;.vc_custom_1686157846783{margin-top: 100px !important;margin-bottom: 100px !important;padding-top: 230px !important;padding-bottom: 230px !important;}&#8221;][vc_column]<div class='gambit_parallax_row' data-bg-align='' data-direction='up' data-opacity='100' data-velocity='-0.3' data-mobile-enabled='' data-bg-height='934' data-bg-width='1500' data-bg-image='https:\/\/action-crete-homes.com\/wp-content\/uploads\/2015\/05\/pinkvilla.jpg' data-bg-repeat='false' data-id='' style='display: none'><\/div>[\/vc_column][\/vc_row][vc_row row_type=&#8221;row&#8221; use_row_as_full_screen_section=&#8221;no&#8221; type=&#8221;grid&#8221; angled_section=&#8221;no&#8221; text_align=&#8221;left&#8221; background_image_as_pattern=&#8221;without_pattern&#8221; padding_top=&#8221;150&#8243; padding_bottom=&#8221;150&#8243;][vc_column][vc_column_text]<\/p>\n<h3>UNE PERIODE IDEALE POUR LES INVESTISSEMENTS<\/h3>\n<p>[\/vc_column_text][vc_empty_space height=&#8221;50px&#8221;][vc_row_inner row_type=&#8221;row&#8221; type=&#8221;full_width&#8221; text_align=&#8221;left&#8221; css_animation=&#8221;&#8221;][vc_column_inner width=&#8221;1\/2&#8243;][vc_column_text]<\/p>\n<div>Pour ceux qui consid\u00e8rent un bien immobilier en Gr\u00e8ce comme un investissement de capital, les conditions de march\u00e9 sont \u00e0 pr\u00e9sent des plus favorables. En raison de la crise \u00e9conomique, le prix de l\u2019immobilier grec a consid\u00e9rablement chut\u00e9. Ayant v\u00e9cu cette situation, de nombreux investisseurs qualifi\u00e9s r\u00e9int\u00e8grent ce march\u00e9. Ceci, dans un futur proche, peut devenir la raison du retour \u00e0 la croissance, particuli\u00e8rement dans le secteur des biens situ\u00e9e dans des zones de vill\u00e9giature.<\/div>\n<div><\/div>\n<div><\/div>\n<div>Pour les nouveaux propri\u00e9taires de biens immobiliers en Gr\u00e8ce, qui pr\u00e9f\u00e8rent la r\u00e9sidence et le repos dans ce pays, la demande du visa Schengen a \u00e9t\u00e9 simplifi\u00e9e. Si la valeur de la propri\u00e9t\u00e9 est sup\u00e9rieure \u00e0 250.000\u20ac, un permis de r\u00e9sidence permanent est d\u00e9livr\u00e9 qui devra \u00eatre renouvel\u00e9 tous les 5 ans (ou dans le cas de la possession de plusieurs biens, le prix additionn\u00e9 de tous doit \u00eatre sup\u00e9rieur \u00e0 250.000\u20ac).<\/div>\n<p>[\/vc_column_text][\/vc_column_inner][vc_column_inner width=&#8221;1\/2&#8243;][vc_column_text]<\/p>\n<div>En ce qui concerne l\u2019achat immobilier dans une zone de vill\u00e9giature dans le but d\u2019une source de revenu, les investisseurs potentiels peuvent avoir acc\u00e8s aux statistiques. Le loyer touristique, m\u00eame en temps de crise, a r\u00e9alis\u00e9 un b\u00e9n\u00e9fice stable pour les propri\u00e9taires, devan\u00e7ant les autres types d\u2019activit\u00e9 commerciale.<\/div>\n<div><\/div>\n<div>Malgr\u00e9 le fait que les \u00e9v\u00e8nements de l\u2019ann\u00e9e derni\u00e8re aient assez d\u00e9chu l\u2019\u00e9conomie de la Gr\u00e8ce, les analyses continuent \u00e0 d\u00e9montrer l\u2019immobilier dans cette r\u00e9gion comme un secteur de perspective pour le placement d\u2019actifs financiers. En tenant en compte que la crise a frapp\u00e9 de pleins fouets le milieu de la construction et de nombreux grands projets de d\u00e9veloppement, le march\u00e9 de l\u2019immobilier en Gr\u00e8ce ayant un faible taux dans le gain de nouveaux fonds, peut plaisamment surprendre des propri\u00e9taires avec une dynamique \u00e9l\u00e9vatrice dans l\u2019avenir le plus proche.<\/div>\n<p>[\/vc_column_text][\/vc_column_inner][\/vc_row_inner][vc_empty_space height=&#8221;150px&#8221;]<div class='projects_holder_outer v3 portfolio_with_space portfolio_standard '><div class='projects_holder clearfix v3 standard portfolio_square_image'>\n<article class='mix sur-mesure portfolio_category_183 villas-fr portfolio_category_195 '><div class='grid-wrapper'><a href='https:\/\/action-crete-homes.com\/fr\/pure-c\/' target='_self'><div class='image_holder'><div class='special-offer-badge' style='opacity:0;'><span>Buy Now<\/span>Great Price<\/div><div class='sold-badge' style='opacity:0;'><span>Sold<\/span>property<\/div><div class='under-construction-badge' style='opacity:0;'><span>Under Construction<\/span><\/div><span class='image'><img loading=\"lazy\" decoding=\"async\" width=\"570\" height=\"570\" src=\"https:\/\/action-crete-homes.com\/wp-content\/uploads\/2022\/08\/Outdoor-93a-570x570.jpg\" class=\"attachment-portfolio-square size-portfolio-square wp-post-image\" alt=\"\" srcset=\"https:\/\/action-crete-homes.com\/wp-content\/uploads\/2022\/08\/Outdoor-93a-570x570.jpg 570w, https:\/\/action-crete-homes.com\/wp-content\/uploads\/2022\/08\/Outdoor-93a-300x300.jpg 300w, https:\/\/action-crete-homes.com\/wp-content\/uploads\/2022\/08\/Outdoor-93a-1024x1022.jpg 1024w, https:\/\/action-crete-homes.com\/wp-content\/uploads\/2022\/08\/Outdoor-93a-150x150.jpg 150w, https:\/\/action-crete-homes.com\/wp-content\/uploads\/2022\/08\/Outdoor-93a-768x766.jpg 768w, https:\/\/action-crete-homes.com\/wp-content\/uploads\/2022\/08\/Outdoor-93a-1536x1533.jpg 1536w, https:\/\/action-crete-homes.com\/wp-content\/uploads\/2022\/08\/Outdoor-93a-500x500.jpg 500w, https:\/\/action-crete-homes.com\/wp-content\/uploads\/2022\/08\/Outdoor-93a-1000x1000.jpg 1000w, https:\/\/action-crete-homes.com\/wp-content\/uploads\/2022\/08\/Outdoor-93a-700x699.jpg 700w, https:\/\/action-crete-homes.com\/wp-content\/uploads\/2022\/08\/Outdoor-93a-100x100.jpg 100w, https:\/\/action-crete-homes.com\/wp-content\/uploads\/2022\/08\/Outdoor-93a-600x600.jpg 600w, https:\/\/action-crete-homes.com\/wp-content\/uploads\/2022\/08\/Outdoor-93a.jpg 2004w\" sizes=\"auto, (max-width: 570px) 100vw, 570px\" \/><\/span><span class='text_holder'><span class='text_outer'><span class='text_inner'><span class='feature_holder'><span class=\"feature_holder_icons\"><span class='portfolio_like qbutton small white'><\/span><\/span><\/span><\/span><\/span><\/span><\/div><div class='portfolio_description text_align_center'style=background-color:#f4f4f4;'><h3 class=\"portfolio_title\">VILLA PURE C<\/h3><span><\/span><\/a><\/div><\/article>\n<article class='mix ensemble-immobilier portfolio_category_189 offres-speciales portfolio_category_193 villas-fr portfolio_category_195 '><div class='grid-wrapper'><a href='https:\/\/action-crete-homes.com\/fr\/trinity-hills\/' target='_self'><div class='image_holder'><div class='special-offer-badge' style='opacity:1;'><span>Buy Now<\/span>Great Price<\/div><div class='sold-badge' style='opacity:1;'><span>Sold<\/span>property<\/div><div class='under-construction-badge' style='opacity:0;'><span>Under Construction<\/span><\/div><span class='image'><img loading=\"lazy\" decoding=\"async\" width=\"570\" height=\"570\" src=\"https:\/\/action-crete-homes.com\/wp-content\/uploads\/2022\/08\/Action-Constructing-Ag.-Triada-93-570x570.jpg\" class=\"attachment-portfolio-square size-portfolio-square wp-post-image\" alt=\"\" srcset=\"https:\/\/action-crete-homes.com\/wp-content\/uploads\/2022\/08\/Action-Constructing-Ag.-Triada-93-570x570.jpg 570w, https:\/\/action-crete-homes.com\/wp-content\/uploads\/2022\/08\/Action-Constructing-Ag.-Triada-93-150x150.jpg 150w, https:\/\/action-crete-homes.com\/wp-content\/uploads\/2022\/08\/Action-Constructing-Ag.-Triada-93-500x500.jpg 500w, https:\/\/action-crete-homes.com\/wp-content\/uploads\/2022\/08\/Action-Constructing-Ag.-Triada-93-1000x1000.jpg 1000w, https:\/\/action-crete-homes.com\/wp-content\/uploads\/2022\/08\/Action-Constructing-Ag.-Triada-93-100x100.jpg 100w, https:\/\/action-crete-homes.com\/wp-content\/uploads\/2022\/08\/Action-Constructing-Ag.-Triada-93-600x600.jpg 600w\" sizes=\"auto, (max-width: 570px) 100vw, 570px\" \/><\/span><span class='text_holder'><span class='text_outer'><span class='text_inner'><span class='feature_holder'><span class=\"feature_holder_icons\"><span class='portfolio_like qbutton small white'><\/span><\/span><\/span><\/span><\/span><\/span><\/div><div class='portfolio_description text_align_center'style=background-color:#f4f4f4;'><h3 class=\"portfolio_title\">COLLINES DE LA TRINITE&#8217;<\/h3><span><\/span><\/a><\/div><\/article>\n<article class='mix immeuble portfolio_category_185 offres-speciales portfolio_category_193 '><div class='grid-wrapper'><a href='https:\/\/action-crete-homes.com\/fr\/rethymno-apartments\/' target='_self'><div class='image_holder'><div class='special-offer-badge' style='opacity:1;'><span>Buy Now<\/span>Great Price<\/div><div class='sold-badge' style='opacity:0;'><span>Sold<\/span>property<\/div><div class='under-construction-badge' style='opacity:0;'><span>Under Construction<\/span><\/div><span class='image'><img loading=\"lazy\" decoding=\"async\" width=\"570\" height=\"570\" src=\"https:\/\/action-crete-homes.com\/wp-content\/uploads\/2017\/09\/9f-570x570.jpg\" class=\"attachment-portfolio-square size-portfolio-square wp-post-image\" alt=\"\" srcset=\"https:\/\/action-crete-homes.com\/wp-content\/uploads\/2017\/09\/9f-570x570.jpg 570w, https:\/\/action-crete-homes.com\/wp-content\/uploads\/2017\/09\/9f-150x150.jpg 150w, https:\/\/action-crete-homes.com\/wp-content\/uploads\/2017\/09\/9f-500x500.jpg 500w, https:\/\/action-crete-homes.com\/wp-content\/uploads\/2017\/09\/9f-1000x1000.jpg 1000w, https:\/\/action-crete-homes.com\/wp-content\/uploads\/2017\/09\/9f-100x100.jpg 100w, https:\/\/action-crete-homes.com\/wp-content\/uploads\/2017\/09\/9f-600x600.jpg 600w\" sizes=\"auto, (max-width: 570px) 100vw, 570px\" \/><\/span><span class='text_holder'><span class='text_outer'><span class='text_inner'><span class='feature_holder'><span class=\"feature_holder_icons\"><span class='portfolio_like qbutton small white'><\/span><\/span><\/span><\/span><\/span><\/span><\/div><div class='portfolio_description text_align_center'style=background-color:#f4f4f4;'><h3 class=\"portfolio_title\">APPARTEMENTS TOP ALTI<\/h3><span>Starting from 185.000 \u20ac<\/span><\/a><\/div><\/article>\n<div class='filler'><\/div>\n<div class='filler'><\/div>\n<div class='filler'><\/div>\n<\/div><\/div>[\/vc_column][\/vc_row][vc_row section_height=&#8221;500&#8243; row_type=&#8221;parallax&#8221; parallax_content_width=&#8221;in_grid&#8221; text_align=&#8221;left&#8221; background_image=&#8221;18576&#8243;][vc_column][\/vc_column][\/vc_row]<\/p>\n<\/section>","protected":false},"excerpt":{"rendered":"<p>[vc_row row_type=&#8221;row&#8221; use_row_as_full_screen_section=&#8221;no&#8221; type=&#8221;grid&#8221; angled_section=&#8221;no&#8221; text_align=&#8221;center&#8221; background_image_as_pattern=&#8221;without_pattern&#8221; padding_top=&#8221;200&#8243; padding_bottom=&#8221;200&#8243; css=&#8221;.vc_custom_1686157767071{margin-top: 100px !important;}&#8221;][vc_column][vc_row_inner row_type=&#8221;row&#8221; type=&#8221;full_width&#8221; text_align=&#8221;left&#8221; css_animation=&#8221;element_from_fade&#8221;][vc_column_inner][vc_custom_heading text=&#8221;Investir en Cr\u00e8te&#8221; font_container=&#8221;tag:h2|font_size:62px|text_align:center|color:%23515151|line_height:60px&#8221; google_fonts=&#8221;font_family:Open%20Sans%3A300%2C300italic%2Cregular%2Citalic%2C600%2C600italic%2C700%2C700italic%2C800%2C800italic|font_style:800%20bold%20regular%3A800%3Anormal&#8221;][\/vc_column_inner][\/vc_row_inner][vc_row_inner row_type=&#8221;row&#8221; type=&#8221;full_width&#8221; text_align=&#8221;left&#8221; css_animation=&#8221;element_from_fade&#8221; transition_delay=&#8221;1500&#8243;][vc_column_inner][vc_custom_heading text=&#8221;Un investissement pour la vie qui peut vous offrir bien plus que vous pensez&#8221; font_container=&#8221;tag:h2|font_size:42px|text_align:center|color:%23999999|line_height:40px&#8221; google_fonts=&#8221;font_family:Open%20Sans%3A300%2C300italic%2Cregular%2Citalic%2C600%2C600italic%2C700%2C700italic%2C800%2C800italic|font_style:800%20bold%20regular%3A800%3Anormal&#8221;][\/vc_column_inner][\/vc_row_inner][\/vc_column][\/vc_row][vc_row full_width=&#8221;stretch_row_content_no_spaces&#8221; css=&#8221;.vc_custom_1686157846783{margin-top: 100px !important;margin-bottom: 100px !important;padding-top: 230px !important;padding-bottom: 230px !important;}&#8221;][vc_column][\/vc_column][\/vc_row][vc_row row_type=&#8221;row&#8221; use_row_as_full_screen_section=&#8221;no&#8221; type=&#8221;grid&#8221; [&hellip;]<\/p>\n","protected":false},"author":1,"featured_media":0,"parent":0,"menu_order":0,"comment_status":"open","ping_status":"open","template":"","meta":{"_acf_changed":false,"footnotes":""},"class_list":["post-49143","page","type-page","status-publish","hentry"],"acf":{"header_type":"light"},"_links":{"self":[{"href":"https:\/\/action-crete-homes.com\/fr\/wp-json\/wp\/v2\/pages\/49143","targetHints":{"allow":["GET"]}}],"collection":[{"href":"https:\/\/action-crete-homes.com\/fr\/wp-json\/wp\/v2\/pages"}],"about":[{"href":"https:\/\/action-crete-homes.com\/fr\/wp-json\/wp\/v2\/types\/page"}],"author":[{"embeddable":true,"href":"https:\/\/action-crete-homes.com\/fr\/wp-json\/wp\/v2\/users\/1"}],"replies":[{"embeddable":true,"href":"https:\/\/action-crete-homes.com\/fr\/wp-json\/wp\/v2\/comments?post=49143"}],"version-history":[{"count":7,"href":"https:\/\/action-crete-homes.com\/fr\/wp-json\/wp\/v2\/pages\/49143\/revisions"}],"predecessor-version":[{"id":49150,"href":"https:\/\/action-crete-homes.com\/fr\/wp-json\/wp\/v2\/pages\/49143\/revisions\/49150"}],"wp:attachment":[{"href":"https:\/\/action-crete-homes.com\/fr\/wp-json\/wp\/v2\/media?parent=49143"}],"curies":[{"name":"wp","href":"https:\/\/api.w.org\/{rel}","templated":true}]}}