{"id":49255,"date":"2015-04-08T11:11:14","date_gmt":"2015-04-08T08:11:14","guid":{"rendered":"https:\/\/action-crete-homes.com\/?page_id=49255"},"modified":"2023-06-18T14:23:00","modified_gmt":"2023-06-18T11:23:00","slug":"services","status":"publish","type":"page","link":"https:\/\/action-crete-homes.com\/fr\/company\/services\/","title":{"rendered":"PRESTATIONS DE SERVICE"},"content":{"rendered":"<section class=\"wpb-content-wrapper\"><p>[vc_row row_type=&#8221;row&#8221; use_row_as_full_screen_section=&#8221;no&#8221; type=&#8221;grid&#8221; angled_section=&#8221;no&#8221; text_align=&#8221;center&#8221; background_image_as_pattern=&#8221;without_pattern&#8221; padding_top=&#8221;200&#8243; padding_bottom=&#8221;200&#8243; css=&#8221;.vc_custom_1686170316489{margin-top: 100px !important;}&#8221;][vc_column][vc_row_inner row_type=&#8221;row&#8221; type=&#8221;full_width&#8221; text_align=&#8221;left&#8221; css_animation=&#8221;element_from_fade&#8221;][vc_column_inner][vc_custom_heading text=&#8221;Services standard ou sur mesure, des solutions sur mesure&#8221; font_container=&#8221;tag:h2|font_size:62px|text_align:center|color:%23515151|line_height:60px&#8221; google_fonts=&#8221;font_family:Open%20Sans%3A300%2C300italic%2Cregular%2Citalic%2C600%2C600italic%2C700%2C700italic%2C800%2C800italic|font_style:800%20bold%20regular%3A800%3Anormal&#8221;][\/vc_column_inner][\/vc_row_inner][vc_row_inner row_type=&#8221;row&#8221; type=&#8221;full_width&#8221; text_align=&#8221;left&#8221; css_animation=&#8221;element_from_fade&#8221; transition_delay=&#8221;1500&#8243;][vc_column_inner][vc_custom_heading text=&#8221;Action Constructing est l\u00e0 pour vous.&#8221; font_container=&#8221;tag:h4|font_size:42px|text_align:center|color:%23999999|line_height:40px&#8221; google_fonts=&#8221;font_family:Open%20Sans%3A300%2C300italic%2Cregular%2Citalic%2C600%2C600italic%2C700%2C700italic%2C800%2C800italic|font_style:800%20bold%20regular%3A800%3Anormal&#8221; css_animation=&#8221;fadeIn&#8221;][\/vc_column_inner][\/vc_row_inner][\/vc_column][\/vc_row][vc_row full_width=&#8221;stretch_row_content_no_spaces&#8221; row_type=&#8221;row&#8221; css=&#8221;.vc_custom_1686170553132{margin-top: 100px !important;margin-bottom: 100px !important;padding-top: 250px !important;padding-bottom: 250px !important;}&#8221;][vc_column]<div class='gambit_parallax_row' data-bg-align='' data-direction='fixed' data-opacity='100' data-velocity='-0.3' data-mobile-enabled='' data-bg-height='817' data-bg-width='1940' data-bg-image='https:\/\/action-crete-homes.com\/wp-content\/uploads\/2015\/04\/actionpattern.png' data-bg-repeat='false' data-id='' style='display: none'><\/div>[\/vc_column][\/vc_row][vc_row row_type=&#8221;row&#8221; use_row_as_full_screen_section=&#8221;no&#8221; type=&#8221;grid&#8221; angled_section=&#8221;no&#8221; text_align=&#8221;left&#8221; background_image_as_pattern=&#8221;without_pattern&#8221; padding_top=&#8221;150&#8243; padding_bottom=&#8221;150&#8243;][vc_column][vc_custom_heading text=&#8221;Services&#8221; font_container=&#8221;tag:h2|font_size:62px|text_align:left|color:%23515151|line_height:60px&#8221; google_fonts=&#8221;font_family:Open%20Sans%3A300%2C300italic%2Cregular%2Citalic%2C600%2C600italic%2C700%2C700italic%2C800%2C800italic|font_style:800%20bold%20regular%3A800%3Anormal&#8221;][vc_empty_space height=&#8221;20px&#8221;][vc_column_text]<\/p>\n<h3><strong>NOS SERVICES STANDART<\/strong><\/h3>\n<p>[\/vc_column_text][vc_empty_space height=&#8221;50px&#8221;][vc_row_inner row_type=&#8221;row&#8221; type=&#8221;full_width&#8221; text_align=&#8221;left&#8221; css_animation=&#8221;&#8221;][vc_column_inner width=&#8221;1\/2&#8243;][vc_column_text]Poss\u00e9der une maison sur la belle \u00eele de Cr\u00e8te est quelque chose dont la plupart des gens r\u00eave. Cependant, avoir une maison construite en Cr\u00e8te peut \u00eatre couteux en temps et m\u00eame une exp\u00e9rience stressante! L&#8217;\u00e9tude de march\u00e9 d\u00e9taill\u00e9e n\u00e9cessaire, une patience infinie et la supervision personnelle \u00e0 chaque \u00e9tape de la construction, en font une perspective intimidante pour la plupart des gens. C\u2019est \u00e0 ce moment-l\u00e0 qu\u2019Action Constructing SA vient vous soulager de tout ce mal! Nous nous engageons \u00e0 construire votre maison en Cr\u00e8te du d\u00e9but jusqu&#8217;\u00e0 la fin. Avec le plus grand respect des souhaits de nos clients et la qualit\u00e9 de la construction la plus \u00e9lev\u00e9e, nous promettons \u00e0 nos clients une maison en Cr\u00e8te qui sera l&#8217;accomplissement de tous leurs r\u00eaves. Le droit de l&#8217;excavation jusqu&#8217;\u00e0 la construction et l&#8217;\u00e9quipement r\u00e9el de votre nouvelle maison en Cr\u00e8te, Action Constructing SA est sur place pour superviser et mener \u00e0 bien toutes les proc\u00e9dures n\u00e9cessaires.[\/vc_column_text][\/vc_column_inner][vc_column_inner width=&#8221;1\/2&#8243;][vc_column_text]Nous veillons \u00e0 votre enti\u00e8re satisfaction avant que nous vous livrions votre nouvelle maison! En pla\u00e7ant votre confiance en nous, vous \u00eates assur\u00e9 que tous les aspects de votre maison en construction soient r\u00e9alis\u00e9s avec succ\u00e8s. Non seulement nous prenons en charge le c\u00f4t\u00e9 pratique et technique de la construction en Cr\u00e8te, mais nous r\u00e9alisons aussi toutes les proc\u00e9dures bureaucratiques qui assurent l\u2019int\u00e9grale l\u00e9galit\u00e9. Notre personnel qualifi\u00e9 s\u2019occupe des applications et de la paperasse pour la S\u00e9curit\u00e9 sociale, IRS et des autres certifications n\u00e9cessaires en votre nom et sans inconv\u00e9nient pour vous. En outre, nous offrons la possibilit\u00e9 d\u2019acqu\u00e9rir du luxe, du construits sur mesure, des r\u00e9sidences individuelles sur des terrains priv\u00e9s et des \u00e9tablissements pour des organismes ou associations qui met un point final au spectre des possibilit\u00e9s qu&#8217;une soci\u00e9t\u00e9 vraiment digne de confiance peut g\u00e9rer.[\/vc_column_text][\/vc_column_inner][\/vc_row_inner][vc_empty_space height=&#8221;50px&#8221;][vc_column_text]<\/p>\n<h3><strong>NOS SERVICES SUPPLEMENTAIRES \u2013 SERVICE APRES-VENTE<\/strong><\/h3>\n<p>[\/vc_column_text][vc_empty_space height=&#8221;50px&#8221;][vc_row_inner row_type=&#8221;row&#8221; type=&#8221;full_width&#8221; text_align=&#8221;left&#8221; css_animation=&#8221;&#8221;][vc_column_inner width=&#8221;1\/2&#8243;][vc_column_text]Une fois que votre maison en Cr\u00e8te est termin\u00e9e, vous aurez besoin de la meubler et de l\u2019\u00e9quiper. ACTION Constructing SA offre un excellent programme apr\u00e8s des ventes, enti\u00e8rement gratuite, \u00e0 tous ses clients. Nous vous soutenons et aidons les commerces et fournisseurs les plus adapt\u00e9s afin que vous vous sentiez comme chez vous dans votre nouvelle maison cr\u00e9toise! Nous vous recommandons les meilleures boutiques qui fourniront une marchandise de la plus haute qualit\u00e9 et ont les meilleures garanties apr\u00e8s-vente et le meilleur service. Nous vous offrons \u00e9galement la possibilit\u00e9 de louer votre villa ou appartement en Cr\u00e8te \u00e0 des taux \u00e9lev\u00e9s aussi longtemps que vous le souhaitez. [\/vc_column_text][\/vc_column_inner][vc_column_inner width=&#8221;1\/2&#8243;][vc_column_text]ACTION Constructing SA poss\u00e8de un visage humain et conserve des relations amicales avec ses clients, m\u00eame apr\u00e8s que leur coop\u00e9ration initiale soit termin\u00e9e. Puisque notre personnel est compos\u00e9 de personnes locales, nous pouvons vous offrir des informations fiables sur les questions quotidiennes ou les routines, comme les m\u00e9decins, les h\u00f4pitaux, les v\u00e9t\u00e9rinaires, que vous pouvez choisir quand on vit dans la campagne cr\u00e9toise. Nous pouvons \u00e9galement offrir des conseils utiles sur les supermarch\u00e9s, restaurants, spectacles, etc.[\/vc_column_text][\/vc_column_inner][\/vc_row_inner][vc_empty_space height=&#8221;50px&#8221;][vc_column_text]<\/p>\n<h3><strong>HEBERGEMENT \u2013 VOYAGES D\u2019INSPECTION<\/strong><\/h3>\n<p>[\/vc_column_text][vc_empty_space height=&#8221;50px&#8221;][vc_row_inner row_type=&#8221;row&#8221; type=&#8221;full_width&#8221; text_align=&#8221;left&#8221; css_animation=&#8221;&#8221;][vc_column_inner width=&#8221;1\/2&#8243;][vc_column_text]Il est possible que la pens\u00e9e de venir dans un pays \u00e9tranger et d&#8217;effectuer toutes les op\u00e9rations n\u00e9cessaires pour construire votre maison en Cr\u00e8te semble une \u00e9tape importante que vous pouvez h\u00e9siter \u00e0 prendre. Ne vous inqui\u00e9tez pas! Nous sommes ici pour vous aider dans tous les aspects de votre s\u00e9jour en Cr\u00e8te! Nous vous accueillons ici en commen\u00e7ant par votre transfert depuis l&#8217;a\u00e9roport (La Can\u00e9e ou H\u00e9raklion) \u00e0 votre h\u00f4tel.[\/vc_column_text][\/vc_column_inner][vc_column_inner width=&#8221;1\/2&#8243;][vc_column_text]Nous pouvons \u00e9galement vous aider \u00e0 faire une r\u00e9servation d&#8217;h\u00f4tel et vous aider \u00e0 vous acclimater pendant vos premiers jours sur cette belle \u00eele de Cr\u00e8te! <a href=\"http:\/\/action-crete-homes.com\/contact\/\">Nous contacter<\/a> pour plus de d\u00e9tails sur la fa\u00e7on d&#8217;organiser une visite d&#8217;inspection pour voir notre vaste portefeuille de r\u00e9sidences cr\u00e9toises, de villas et d\u2019appartements, s\u2019il vous plait.[\/vc_column_text][\/vc_column_inner][\/vc_row_inner][vc_empty_space height=&#8221;150px&#8221;][vc_column_text css=&#8221;.vc_custom_1450462644922{padding-right: 15% !important;padding-left: 15% !important;}&#8221;]<\/p>\n<h3 style=\"text-align: center;\">AFFAIRES JURIDIQUES<\/h3>\n<p style=\"text-align: center;\">Acheter une propri\u00e9t\u00e9 en Cr\u00e8te est une proc\u00e9dure relativement simple. Des \u00e9tapes de base doivent \u00eatre suivies.<\/p>\n<p>[\/vc_column_text][vc_empty_space height=&#8221;50px&#8221;][vc_single_image image=&#8221;49196&#8243; img_size=&#8221;250&#215;250&#8243; alignment=&#8221;center&#8221; style=&#8221;vc_box_circle&#8221; onclick=&#8221;custom_link&#8221; qode_css_animation=&#8221;&#8221; link=&#8221;http:\/\/action-crete-homes.com\/fr\/buying-your-home\/&#8221; el_class=&#8221;image-hover-highlight&#8221;][\/vc_column][\/vc_row][vc_row full_width=&#8221;stretch_row_content_no_spaces&#8221; parallax=&#8221;content-moving&#8221; parallax_image=&#8221;41130&#8243; parallax_speed_bg=&#8221;1&#8243; section_height=&#8221;600&#8243; row_type=&#8221;parallax&#8221; parallax_content_width=&#8221;in_grid&#8221; text_align=&#8221;left&#8221; background_image=&#8221;17667&#8243; full_screen_section_height=&#8221;no&#8221; css=&#8221;.vc_custom_1686170879887{margin-top: 100px !important;margin-bottom: 100px !important;}&#8221;][vc_column el_class=&#8221;section_inner&#8221;][vc_empty_space height=&#8221;150px&#8221;][vc_custom_heading text=&#8221;Nos Proc\u00e9dures de Construction&#8221; font_container=&#8221;tag:h2|font_size:62px|text_align:left|color:%23ffffff|line_height:60px&#8221; google_fonts=&#8221;font_family:Open%20Sans%3A300%2C300italic%2Cregular%2Citalic%2C600%2C600italic%2C700%2C700italic%2C800%2C800italic|font_style:800%20bold%20regular%3A800%3Anormal&#8221;][vc_custom_heading text=&#8221;LA MEILLEURE QUALITE DE CONSTRUCTION ET NOUS LE PROUVONS&#8221; font_container=&#8221;tag:h4|font_size:25px|text_align:left|color:%23ffffff|line_height:60px&#8221; google_fonts=&#8221;font_family:Open%20Sans%3A300%2C300italic%2Cregular%2Citalic%2C600%2C600italic%2C700%2C700italic%2C800%2C800italic|font_style:800%20bold%20regular%3A800%3Anormal&#8221;][vc_empty_space height=&#8221;30px&#8221;][vc_btn title=&#8221;En Savoir Plus&#8221; link=&#8221;url:https%3A%2F%2Faction-crete-homes.com%2Ffr%2Fbuilding-process%2F&#8221; el_class=&#8221;qbutton-wrapper&#8221;][\/vc_column][\/vc_row][vc_row row_type=&#8221;row&#8221; use_row_as_full_screen_section=&#8221;no&#8221; type=&#8221;grid&#8221; angled_section=&#8221;no&#8221; text_align=&#8221;left&#8221; background_image_as_pattern=&#8221;without_pattern&#8221; padding_top=&#8221;150&#8243; padding_bottom=&#8221;150&#8243; el_id=&#8221;bespoke&#8221; el_class=&#8221;bespoke&#8221;][vc_column][vc_custom_heading text=&#8221;Sur mesure&#8221; font_container=&#8221;tag:h2|font_size:92px|text_align:left|color:%23515151|line_height:80px&#8221; google_fonts=&#8221;font_family:Open%20Sans%3A300%2C300italic%2Cregular%2Citalic%2C600%2C600italic%2C700%2C700italic%2C800%2C800italic|font_style:800%20bold%20regular%3A800%3Anormal&#8221;][vc_column_text]<\/p>\n<h3><strong>\u201cCONSTRUIRE\u201d VOTRE PROPRE MAISON DE REVE SUR MESURE<\/strong><\/h3>\n<p>[\/vc_column_text][vc_empty_space height=&#8221;50px&#8221;][vc_row_inner row_type=&#8221;row&#8221; type=&#8221;full_width&#8221; text_align=&#8221;left&#8221; css_animation=&#8221;&#8221;][vc_column_inner width=&#8221;1\/2&#8243;][vc_column_text]Action Constructing SA est une entreprise qui se sp\u00e9cialise dans la conception et la construction de b\u00e2timents depuis 1997. L&#8217;\u00e9quipe de design compos\u00e9e de quatre architectes et d\u2019un designer, se concentre sur la cr\u00e9ation d&#8217;espaces confortables et attractifs \u00e0 l&#8217;int\u00e9rieur comme \u00e0 l&#8217;ext\u00e9rieur de la maison. Action a en sa possession une vari\u00e9t\u00e9 de parcelles uniques dans des lieux favorables avec de superbes vues, non seulement du littoral, mais l&#8217;int\u00e9rieur des terres, pour ainsi donner \u00e0 quelqu&#8217;un qui est int\u00e9ress\u00e9 la possibilit\u00e9 de cr\u00e9er la maison qu\u2019il a imagin\u00e9, et lui-m\u00eame contribuer au d\u00e9veloppement de cette maison.[\/vc_column_text][\/vc_column_inner][vc_column_inner width=&#8221;1\/2&#8243;][vc_column_text]Une visite afin de se rendre compte des projets de notre soci\u00e9t\u00e9, peut convaincre qui qui ce soit de notre architecture raffin\u00e9e et de la qualit\u00e9 de la construction, en utilisant des mat\u00e9riaux et des m\u00e9thodes de construction modernes, en respectant dans le m\u00eame temps l&#8217;environnement et la tradition de notre r\u00e9gion.[\/vc_column_text][\/vc_column_inner][\/vc_row_inner][vc_empty_space height=&#8221;150px&#8221;][vc_column_text]<\/p>\n<h3 style=\"text-align: center;\">COMMENT OBTENIR UNE LICENCE EOT<\/h3>\n<p style=\"text-align: center;\">Pour plus d&#8217;infos sur la location de votre propri\u00e9t\u00e9 en Cr\u00e8te et Comment obtenir une licence EOT cliquez sur l&#8217;image ci-dessous.<\/p>\n<p>[\/vc_column_text][vc_empty_space height=&#8221;50px&#8221;][vc_single_image image=&#8221;47515&#8243; img_size=&#8221;medium&#8221; alignment=&#8221;center&#8221; onclick=&#8221;custom_link&#8221; qode_css_animation=&#8221;&#8221; link=&#8221;http:\/\/action-crete-homes.com\/fr\/company\/eot-license\/&#8221; el_class=&#8221;image-hover-highlight&#8221;][\/vc_column][\/vc_row][vc_row full_width=&#8221;stretch_row_content_no_spaces&#8221; row_type=&#8221;row&#8221; css=&#8221;.vc_custom_1686170553132{margin-top: 100px !important;margin-bottom: 100px !important;padding-top: 250px !important;padding-bottom: 250px !important;}&#8221;][vc_column]<div class='gambit_parallax_row' data-bg-align='' data-direction='fixed' data-opacity='100' data-velocity='-0.3' data-mobile-enabled='' data-bg-height='833' data-bg-width='1900' data-bg-image='https:\/\/action-crete-homes.com\/wp-content\/uploads\/2015\/04\/pencil-arch-design.jpg' data-bg-repeat='false' data-id='' style='display: none'><\/div>[\/vc_column][\/vc_row]<\/p>\n<\/section>","protected":false},"excerpt":{"rendered":"<p>[vc_row row_type=&#8221;row&#8221; use_row_as_full_screen_section=&#8221;no&#8221; type=&#8221;grid&#8221; angled_section=&#8221;no&#8221; text_align=&#8221;center&#8221; background_image_as_pattern=&#8221;without_pattern&#8221; padding_top=&#8221;200&#8243; padding_bottom=&#8221;200&#8243; css=&#8221;.vc_custom_1686170316489{margin-top: 100px !important;}&#8221;][vc_column][vc_row_inner row_type=&#8221;row&#8221; type=&#8221;full_width&#8221; text_align=&#8221;left&#8221; css_animation=&#8221;element_from_fade&#8221;][vc_column_inner][vc_custom_heading text=&#8221;Services standard ou sur mesure, des solutions sur mesure&#8221; font_container=&#8221;tag:h2|font_size:62px|text_align:center|color:%23515151|line_height:60px&#8221; google_fonts=&#8221;font_family:Open%20Sans%3A300%2C300italic%2Cregular%2Citalic%2C600%2C600italic%2C700%2C700italic%2C800%2C800italic|font_style:800%20bold%20regular%3A800%3Anormal&#8221;][\/vc_column_inner][\/vc_row_inner][vc_row_inner row_type=&#8221;row&#8221; type=&#8221;full_width&#8221; text_align=&#8221;left&#8221; css_animation=&#8221;element_from_fade&#8221; transition_delay=&#8221;1500&#8243;][vc_column_inner][vc_custom_heading text=&#8221;Action Constructing est l\u00e0 pour vous.&#8221; font_container=&#8221;tag:h4|font_size:42px|text_align:center|color:%23999999|line_height:40px&#8221; google_fonts=&#8221;font_family:Open%20Sans%3A300%2C300italic%2Cregular%2Citalic%2C600%2C600italic%2C700%2C700italic%2C800%2C800italic|font_style:800%20bold%20regular%3A800%3Anormal&#8221; css_animation=&#8221;fadeIn&#8221;][\/vc_column_inner][\/vc_row_inner][\/vc_column][\/vc_row][vc_row full_width=&#8221;stretch_row_content_no_spaces&#8221; row_type=&#8221;row&#8221; css=&#8221;.vc_custom_1686170553132{margin-top: 100px !important;margin-bottom: 100px !important;padding-top: 250px !important;padding-bottom: 250px !important;}&#8221;][vc_column][\/vc_column][\/vc_row][vc_row row_type=&#8221;row&#8221; use_row_as_full_screen_section=&#8221;no&#8221; type=&#8221;grid&#8221; [&hellip;]<\/p>\n","protected":false},"author":1,"featured_media":0,"parent":49072,"menu_order":0,"comment_status":"open","ping_status":"open","template":"","meta":{"_acf_changed":false,"footnotes":""},"class_list":["post-49255","page","type-page","status-publish","hentry"],"acf":{"header_type":"light"},"_links":{"self":[{"href":"https:\/\/action-crete-homes.com\/fr\/wp-json\/wp\/v2\/pages\/49255","targetHints":{"allow":["GET"]}}],"collection":[{"href":"https:\/\/action-crete-homes.com\/fr\/wp-json\/wp\/v2\/pages"}],"about":[{"href":"https:\/\/action-crete-homes.com\/fr\/wp-json\/wp\/v2\/types\/page"}],"author":[{"embeddable":true,"href":"https:\/\/action-crete-homes.com\/fr\/wp-json\/wp\/v2\/users\/1"}],"replies":[{"embeddable":true,"href":"https:\/\/action-crete-homes.com\/fr\/wp-json\/wp\/v2\/comments?post=49255"}],"version-history":[{"count":22,"href":"https:\/\/action-crete-homes.com\/fr\/wp-json\/wp\/v2\/pages\/49255\/revisions"}],"predecessor-version":[{"id":49616,"href":"https:\/\/action-crete-homes.com\/fr\/wp-json\/wp\/v2\/pages\/49255\/revisions\/49616"}],"up":[{"embeddable":true,"href":"https:\/\/action-crete-homes.com\/fr\/wp-json\/wp\/v2\/pages\/49072"}],"wp:attachment":[{"href":"https:\/\/action-crete-homes.com\/fr\/wp-json\/wp\/v2\/media?parent=49255"}],"curies":[{"name":"wp","href":"https:\/\/api.w.org\/{rel}","templated":true}]}}