{"id":49362,"date":"2014-02-06T15:50:20","date_gmt":"2014-02-06T12:50:20","guid":{"rendered":"https:\/\/action-crete-homes.com\/?page_id=49362"},"modified":"2023-07-02T19:36:18","modified_gmt":"2023-07-02T16:36:18","slug":"processus-de-construction","status":"publish","type":"page","link":"https:\/\/action-crete-homes.com\/fr\/processus-de-construction\/","title":{"rendered":"Processus de construction"},"content":{"rendered":"<section class=\"wpb-content-wrapper\"><p>[vc_row row_type=&#8221;content_menu&#8221;][vc_column][\/vc_column][\/vc_row][vc_row anchor=&#8221;foundation&#8221; row_type=&#8221;row&#8221; in_content_menu=&#8221;in_content_menu&#8221; content_menu_title=&#8221;Fondation&#8221; content_menu_icon=&#8221;fa-anchor&#8221; use_row_as_full_screen_section=&#8221;no&#8221; type=&#8221;grid&#8221; angled_section=&#8221;no&#8221; text_align=&#8221;left&#8221; background_image_as_pattern=&#8221;without_pattern&#8221; border_color=&#8221;#eaeaea&#8221; padding_top=&#8221;100&#8243; padding_bottom=&#8221;100&#8243;][vc_column][vc_empty_space height=&#8221;100px&#8221;][vc_single_image image=&#8221;42620&#8243; img_size=&#8221;large&#8221; alignment=&#8221;center&#8221; qode_css_animation=&#8221;element_from_bottom&#8221;][vc_empty_space height=&#8221;50px&#8221;][vc_row_inner row_type=&#8221;row&#8221; type=&#8221;full_width&#8221; text_align=&#8221;left&#8221; css_animation=&#8221;&#8221;][vc_column_inner width=&#8221;1\/2&#8243;][vc_column_text]<\/p>\n<h2 class=\"p1\" style=\"text-align: center;\"><span class=\"s1\">G\u00e9n\u00e9rale Excavation &amp; Fondation du B\u00e2timent<\/span><\/h2>\n<p class=\"p1\" style=\"text-align: center;\"><span class=\"s1\">L\u2019excavation g\u00e9n\u00e9rale et la fondation des b\u00e2timents \u00e0 la profondeur appropri\u00e9e sont effectu\u00e9e en fonction de l&#8217;existence d&#8217;un sous-sol ou non, et jusqu&#8217;\u00e0 ce qu\u2019un sol stable soit atteint. La surface de l&#8217;excavation est couverte par une mince couche de b\u00e9ton, ce qui permet une meilleure fixation de la fondation et emp\u00eache l\u2019oxydation de l\u2019acier renforc\u00e9. Des fondations de haute qualit\u00e9 en b\u00e9ton arm\u00e9 sont r\u00e9alis\u00e9es selon les sp\u00e9cifications statiques et le R\u00e8glement de la Technologie du B\u00e9ton (\u039a\u03a4\u03a3), ce qui assure une excellente performance de ce mat\u00e9riau.<\/span><\/p>\n<p>[\/vc_column_text][\/vc_column_inner][vc_column_inner width=&#8221;1\/2&#8243;][vc_column_text]<\/p>\n<h2 class=\"p1\" style=\"text-align: center;\"><span class=\"s1\">Piliers, Poutre, Dalles de B\u00e9ton &amp; Escaliers<\/span><\/h2>\n<p class=\"p1\" style=\"text-align: center;\"><span class=\"s1\">Au niveau statique, le syst\u00e8me du b\u00e2timent est d&#8217;abord form\u00e9 de bois. L\u2019\u00e9tape suivante est le placement de l&#8217;isolation de 5 cm d&#8217;\u00e9paisseur pour une excellente isolation thermique, ainsi que de l&#8217;acier selon les sp\u00e9cifications. Et enfin, le coffrage est rempli de b\u00e9ton de haute qualit\u00e9.<\/span><\/p>\n<p>[\/vc_column_text][\/vc_column_inner][\/vc_row_inner][vc_empty_space height=&#8221;50px&#8221;][\/vc_column][\/vc_row][vc_row full_width=&#8221;stretch_row_content&#8221; anchor=&#8221;murs&#8221; row_type=&#8221;row&#8221; in_content_menu=&#8221;in_content_menu&#8221; content_menu_title=&#8221;Murs&#8221; content_menu_icon=&#8221;fa-eject&#8221; use_row_as_full_screen_section=&#8221;no&#8221; type=&#8221;grid&#8221; angled_section=&#8221;no&#8221; text_align=&#8221;right&#8221; background_image_as_pattern=&#8221;without_pattern&#8221; background_color=&#8221;#fbfbfb&#8221; border_color=&#8221;#eaeaea&#8221; padding_top=&#8221;100&#8243; padding_bottom=&#8221;100&#8243; css=&#8221;.vc_custom_1686240951312{background-color: #fbfbfb !important;}&#8221;][vc_column el_class=&#8221;section_inner&#8221; css=&#8221;.vc_custom_1686241089462{padding-top: 50px !important;padding-bottom: 50px !important;}&#8221;][vc_row_inner][vc_column_inner width=&#8221;1\/3&#8243;][vc_column_text]<\/p>\n<h2 class=\"p1\"><span class=\"s1\">Murs Externe &amp; Interne<\/span><\/h2>\n<p class=\"p1\"><span class=\"s1\">Il existe trois types de murs ext\u00e9rieurs. Le mur de briques (briques a l\u2019int\u00e9rieur et ext\u00e9rieur), la paroi composite (briques a l\u2019int\u00e9rieur et pierre a l\u2019ext\u00e9rieur) et le mur de pierre (pierres a l\u2019int\u00e9rieur et a l\u2019ext\u00e9rieur). Tous les types de murs contiennent une isolation d\u2019environ 5 cm d&#8217;\u00e9paisseur. N\u2019importe-o\u00f9 il se trouve de la brique, se trouve deux anneaux de b\u00e9ton arm\u00e9, l&#8217;un \u00e0 la hauteur des appuis de fen\u00eatre et l&#8217;autre \u00e0 l\u2019en-t\u00eate des fen\u00eatres et des portes, construits pour un maximum de solidit\u00e9 et des performances maximales. Les murs int\u00e9rieurs sont construits avec une peau de briques unique et avec des anneaux de b\u00e9ton arm\u00e9, comme les murs ext\u00e9rieurs.<\/span><\/p>\n<p>[\/vc_column_text][\/vc_column_inner][vc_column_inner width=&#8221;2\/3&#8243;][vc_single_image image=&#8221;40008&#8243; img_size=&#8221;large&#8221; alignment=&#8221;right&#8221; qode_css_animation=&#8221;element_from_right&#8221;][\/vc_column_inner][\/vc_row_inner][\/vc_column][\/vc_row][vc_row anchor=&#8221;Toit&#8221; row_type=&#8221;row&#8221; in_content_menu=&#8221;in_content_menu&#8221; content_menu_title=&#8221;Toit Inclin\u00e9&#8221; content_menu_icon=&#8221;fa-arrow-up&#8221; use_row_as_full_screen_section=&#8221;no&#8221; type=&#8221;grid&#8221; angled_section=&#8221;no&#8221; text_align=&#8221;left&#8221; background_image_as_pattern=&#8221;without_pattern&#8221; border_color=&#8221;#eaeaea&#8221; padding_top=&#8221;100&#8243; padding_bottom=&#8221;100&#8243; css=&#8221;.vc_custom_1686241183286{margin-top: 50px !important;}&#8221;][vc_column width=&#8221;2\/3&#8243;][vc_single_image image=&#8221;42624&#8243; img_size=&#8221;full&#8221; alignment=&#8221;center&#8221; css_animation=&#8221;fadeInLeft&#8221; qode_css_animation=&#8221;element_from_left&#8221;][vc_empty_space height=&#8221;50px&#8221;][\/vc_column][vc_column width=&#8221;1\/3&#8243;][vc_column_text]<\/p>\n<h2 class=\"p1\" style=\"text-align: left;\"><span class=\"s1\">Toit Inclin\u00e9<\/span><\/h2>\n<p class=\"p1\"><span class=\"s1\">a. Ext\u00e9rieurement le toit est bord\u00e9 d\u2019un film de goudron pour l\u2019\u00e9tanch\u00e9it\u00e9 et un mat\u00e9riau d\u2019isolation thermique est appliqu\u00e9, comme sp\u00e9cifi\u00e9 selon le R\u00e8glement de la performance \u00e9nerg\u00e9tique du b\u00e2timent. Des tuiles de c\u00e9ramique sont ensuite fix\u00e9es.<\/span><\/p>\n<p class=\"p1\"><span class=\"s1\">b. L&#8217;int\u00e9rieur du toit est construit avec du bois su\u00e9dois. D\u2019\u00e9paisseur adapt\u00e9e aux sp\u00e9cifications statiques du bois d&#8217;appui. Puis pour finir, l&#8217;int\u00e9rieur du toit est verni. En cas de maisons faites sur mesure, le client peut colorer le toit de la fa\u00e7on qu&#8217;il pr\u00e9f\u00e8re.<\/span><\/p>\n<p>[\/vc_column_text][\/vc_column][\/vc_row][vc_row anchor=&#8221;plumbing_electricity&#8221; row_type=&#8221;row&#8221; in_content_menu=&#8221;in_content_menu&#8221; content_menu_title=&#8221;Plomberie &#038; C\u00e2blage&#8221; content_menu_icon=&#8221;fa-500px&#8221; use_row_as_full_screen_section=&#8221;no&#8221; type=&#8221;grid&#8221; angled_section=&#8221;no&#8221; text_align=&#8221;left&#8221; background_image_as_pattern=&#8221;without_pattern&#8221; border_color=&#8221;#eaeaea&#8221; padding_top=&#8221;100&#8243; padding_bottom=&#8221;100&#8243; css=&#8221;.vc_custom_1686241238620{margin-top: 50px !important;}&#8221;][vc_column width=&#8221;1\/3&#8243;][vc_single_image image=&#8221;42622&#8243; img_size=&#8221;large&#8221; alignment=&#8221;center&#8221; css_animation=&#8221;fadeInLeft&#8221; qode_css_animation=&#8221;element_from_left&#8221;][vc_empty_space height=&#8221;50px&#8221;][\/vc_column][vc_column width=&#8221;1\/3&#8243;][vc_column_text]<\/p>\n<h2 class=\"p1\" style=\"text-align: left;\">Installation de C\u00e2blage Electrique<\/h2>\n<p class=\"p1\"><span class=\"s1\">Le raccordement \u00e9lectrique est r\u00e9alis\u00e9 par un compteur \u00e9lectrique plac\u00e9 \u00e0 l&#8217;ext\u00e9rieur de la maison par la soci\u00e9t\u00e9 d&#8217;alimentation, conduisant \u00e0 la bo\u00eete de distribution \/ fusible principal, situ\u00e9 \u00e0 l&#8217;int\u00e9rieur de la maison. Tout le c\u00e2blage peut \u00eatre inspect\u00e9 gr\u00e2ce aux bo\u00eetes de d\u00e9rivation dispose \u00e0 divers endroits \u00e0 l&#8217;int\u00e9rieur de la maison. Le c\u00e2blage m\u00e8ne de la bo\u00eete de distribution \/ fusible pour les diff\u00e9rents points d&#8217;\u00e9clairage, interrupteurs, prises, etc. Chaque chambre comprend une installation compl\u00e8te de points d&#8217;\u00e9clairage, d\u2019interrupteurs et de prises (pour la t\u00e9l\u00e9vision et le t\u00e9l\u00e9phone compris). La principale boite de fusible est \u00e9quip\u00e9e d&#8217;un disjoncteur de s\u00e9curit\u00e9 et de fusibles individuels pour la pompe \u00e0 eau, la cuisini\u00e8re, le r\u00e9frig\u00e9rateur, etc. Les raccords d&#8217;installation et les lumi\u00e8res sont \u00e0 la responsabilit\u00e9 de l&#8217;acheteur. L\u2019installation \u00e9lectrique pour la climatisation ou le syst\u00e8me d&#8217;alarme peut \u00eatre r\u00e9alis\u00e9e sur demande. Tous les produits sont de haute qualit\u00e9 et en conformit\u00e9 avec les sp\u00e9cifications approuv\u00e9es.<\/span><\/p>\n<p>[\/vc_column_text][\/vc_column][vc_column width=&#8221;1\/3&#8243;][vc_column_text]<\/p>\n<h2 class=\"p1\" style=\"text-align: left;\">Installation de la Plomberie<\/h2>\n<p class=\"p1\"><span class=\"s1\">Plomberie souterraine via un compteur d&#8217;eau, plac\u00e9 par le conseil local l&#8217;ext\u00e9rieur du logement. Dans la maison l&#8217;installation se situe sous le plancher, ainsi qu\u2019au mur et finit \u00e0 diff\u00e9rents points &#8211; cuisine, toilettes, robinets ext\u00e9rieurs, etc. Gr\u00e2ce \u00e0 un r\u00e9servoir et une pompe \u00e0 eau qui fonctionnent lorsque la pression de l&#8217;eau du r\u00e9seau ne suffit pas, le logement a une alimentation en eau de secours, m\u00eame en cas de p\u00e9nurie d&#8217;eau. Tous les articles sanitaires pour la toilette ainsi que des accessoires, les robinets d&#8217;eau chaude \u2013 froide et les robinets pour \u00e9vier de cuisine sont inclus. La connexion des d\u00e9chets de l&#8217;habitation conduit soit \u00e0 un r\u00e9seau de drainage, si cela est en place, soit \u00e0 une fosse septique \u00e9tanche absorbante tel que sp\u00e9cifi\u00e9 dans le plan. Les goutti\u00e8res sont install\u00e9es partout o\u00f9 il sera n\u00e9cessaire. Tous les produits sont conformes aux sp\u00e9cifications approuv\u00e9es.<\/span><\/p>\n<p>[\/vc_column_text][\/vc_column][\/vc_row][vc_row full_width=&#8221;stretch_row_content_no_spaces&#8221; anchor=&#8221;walls_floors&#8221; row_type=&#8221;row&#8221; in_content_menu=&#8221;in_content_menu&#8221; content_menu_title=&#8221;Plafonds &#038; Sols&#8221; content_menu_icon=&#8221;fa-bolt&#8221; use_row_as_full_screen_section=&#8221;no&#8221; type=&#8221;grid&#8221; angled_section=&#8221;no&#8221; text_align=&#8221;left&#8221; background_image_as_pattern=&#8221;without_pattern&#8221; background_color=&#8221;#fbfbfb&#8221; border_color=&#8221;#eaeaea&#8221; padding_top=&#8221;100&#8243; padding_bottom=&#8221;100&#8243; css=&#8221;.vc_custom_1686241379792{margin-top: 100px !important;background-color: #fbfbfb !important;border-radius: 1px !important;}&#8221;][vc_column el_class=&#8221;section_inner&#8221; css=&#8221;.vc_custom_1686241385430{padding-top: 50px !important;padding-bottom: 50px !important;}&#8221;][vc_single_image image=&#8221;42618&#8243; img_size=&#8221;large&#8221; alignment=&#8221;center&#8221; qode_css_animation=&#8221;element_from_fade&#8221;][vc_empty_space height=&#8221;50px&#8221;][vc_row_inner row_type=&#8221;row&#8221; type=&#8221;full_width&#8221; text_align=&#8221;left&#8221; css_animation=&#8221;&#8221; css=&#8221;.vc_custom_1686241297291{border-radius: 15px !important;}&#8221;][vc_column_inner width=&#8221;1\/3&#8243;][vc_column_text]<\/p>\n<h2 class=\"p1\">Murs en Briques et en Pierres<\/h2>\n<p class=\"p1\"><span class=\"s1\">Les murs en brique sont recouverts de trois couches. Une de pl\u00e2tre \u00e9clabouss\u00e9 pour une meilleure adh\u00e9rence sur la surface d&#8217;un mat\u00e9riau. La seconde est un pelage rugueux et la derni\u00e8re une surface lisse. Sur les murs ext\u00e9rieurs un filet est plac\u00e9 pour une meilleure adh\u00e9rence du pl\u00e2tre. Les murs de pierre sont vernis en deux couches d&#8217;un mat\u00e9riau sp\u00e9cial. De cette mani\u00e8re, le mur de pierre devient imperm\u00e9able \u00e0 l&#8217;eau.<\/span><\/p>\n<p>[\/vc_column_text][\/vc_column_inner][vc_column_inner width=&#8221;1\/3&#8243;][vc_column_text]<\/p>\n<h2 class=\"p1\">Plafonds<\/h2>\n<p class=\"p1\"><span class=\"s1\">La surface externe du plafond est nettoy\u00e9 apr\u00e8s que le mat\u00e9riau d&#8217;isolation thermique soit plac\u00e9 (5 cm d&#8217;\u00e9paisseur), puis est recouvert de b\u00e9ton et une couche de liquide de tarmac est mise. Ensuite, un film de goudron est appliqu\u00e9, en utilisant un lance-flammes, pour une excellente r\u00e9sistance \u00e0 l&#8217;eau. La couche finale est diff\u00e9rente dans chaque construction, selon si le toit est accessible ou non. Soit il est carrel\u00e9 (avec un plus de substrat de b\u00e9ton), soit un manteau de couleur aluminium (ou la couleur acrylique) est mis, toujours en conformit\u00e9 avec les sp\u00e9cifications approuv\u00e9es. Toutes les goutti\u00e8res sont achemin\u00e9es \u00e0 la surface.<\/span><\/p>\n<p>[\/vc_column_text][\/vc_column_inner][vc_column_inner width=&#8221;1\/3&#8243;][vc_column_text]<\/p>\n<h2 class=\"p1\"><span class=\"s1\">Sols<\/span><\/h2>\n<p class=\"p1\"><span class=\"s1\">Les sols ext\u00e9rieurs et int\u00e9rieurs, les v\u00e9randas et les escaliers sont carrel\u00e9es apr\u00e8s que la surface soit liss\u00e9e en pla\u00e7ant substrat. Ensuite, la colle de carrelage est mise pour l&#8217;excellente forme de tuiles de classe \u00ab A \u00bb. A l\u2019ext\u00e9rieur, toutes les tuiles sont antid\u00e9rapantes. Un grand choix de carrelages est disponible. Aux endroits o\u00f9 les tuiles changent (par exemple, portes, etc.), nous pla\u00e7ons du marbre ou du profil d&#8217;aluminium.<\/span><\/p>\n<p>[\/vc_column_text][\/vc_column_inner][\/vc_row_inner][\/vc_column][\/vc_row][vc_row anchor=&#8221;doors_n_windows&#8221; row_type=&#8221;row&#8221; in_content_menu=&#8221;in_content_menu&#8221; content_menu_title=&#8221;Portes &#038; Fen\u00eatres&#8221; content_menu_icon=&#8221;fa-windows&#8221; use_row_as_full_screen_section=&#8221;no&#8221; type=&#8221;grid&#8221; angled_section=&#8221;no&#8221; text_align=&#8221;left&#8221; background_image_as_pattern=&#8221;without_pattern&#8221; border_color=&#8221;#eaeaea&#8221; padding_top=&#8221;100&#8243; padding_bottom=&#8221;100&#8243; css=&#8221;.vc_custom_1686241428197{margin-top: 50px !important;}&#8221;][vc_column width=&#8221;2\/3&#8243;][vc_single_image image=&#8221;47941&#8243; img_size=&#8221;full&#8221; alignment=&#8221;center&#8221; css_animation=&#8221;fadeInLeft&#8221; qode_css_animation=&#8221;element_from_left&#8221;][vc_empty_space height=&#8221;50px&#8221;][\/vc_column][vc_column width=&#8221;1\/3&#8243;][vc_column_text]<\/p>\n<h2 class=\"p1\" style=\"text-align: left;\">Portes &amp; Fen\u00eatres<\/h2>\n<p class=\"p1\"><span class=\"s1\">Double-vitrage aux portes externes, aux fen\u00eatres et aux volets compos\u00e9es d\u2019aluminium avec un faible facteur de perm\u00e9abilit\u00e9 bas\u00e9e sur la rupture de pont thermique et l&#8217;isolation, qui se traduit par une grande isolation thermique et grande \u00e9tanch\u00e9it\u00e9. Sur la porte d&#8217;entr\u00e9e principale, une nouvelle serrure de s\u00e9curit\u00e9 est install\u00e9e une fois que la construction est termin\u00e9e. La couleur, la qualit\u00e9 et le type de portes et de fen\u00eatres ext\u00e9rieures sont d\u00e9finies \u00e0 partir des plans approuv\u00e9s et la zone sp\u00e9cifique de construction se d\u00e9veloppe. Toutes les portes internes sont faites de m\u00e9lamine avec cadre arrondi, munit d\u2019un large choix de couleurs et de styles.<\/span><\/p>\n<p>[\/vc_column_text][\/vc_column][\/vc_row][vc_row full_width=&#8221;stretch_row_content_no_spaces&#8221; anchor=&#8221;finishingtouch&#8221; row_type=&#8221;row&#8221; in_content_menu=&#8221;in_content_menu&#8221; content_menu_title=&#8221;La Touche Finale&#8221; content_menu_icon=&#8221;fa-paint-brush&#8221; use_row_as_full_screen_section=&#8221;no&#8221; type=&#8221;grid&#8221; angled_section=&#8221;no&#8221; text_align=&#8221;left&#8221; background_image_as_pattern=&#8221;without_pattern&#8221; border_color=&#8221;#eaeaea&#8221; padding_top=&#8221;100&#8243; padding_bottom=&#8221;100&#8243; css=&#8221;.vc_custom_1686241501942{background-color: #f9f9f9 !important;}&#8221;][vc_column el_class=&#8221;section_inner&#8221;][vc_row_inner][vc_column_inner width=&#8221;1\/3&#8243;][vc_column_text]<\/p>\n<h2 class=\"p1\" style=\"text-align: left;\">Cuisine, Chambre et Salle de Bain<\/h2>\n<p class=\"p1\">Des armoires de cuisine sont install\u00e9es sur le sol et sur les murs selon les plans. Un plan de travail, un \u00e9vier double (par Ideal Standard ou de la m\u00eame marque de qualit\u00e9), robinets d&#8217;eau chaude \/ froide et une hotte de cuisine sont inclus. Tous les cadres d&#8217;armoires ainsi que les portes sont fait de m\u00e9lamines blanches, de couleur bois ou de toute autre couleur \u00e0 partir de notre s\u00e9lection selon votre choix. Les appareils \u00e9lectriques (par exemple, cuisini\u00e8re, r\u00e9frig\u00e9rateur, etc.) ne sont pas inclus, sauf si sp\u00e9cifi\u00e9 dans le contrat.<\/p>\n<p class=\"p1\">Les armoires des chambres, qu&#8217;ils soient int\u00e9gr\u00e9s ou non, selon les sp\u00e9cifications, incluent des tiroirs, des \u00e9tag\u00e8res etc. Le cadre ainsi que les portes sont fait de m\u00e9lamine blanc, de couleur bois ou de toute autre couleur de notre s\u00e9lection. Nous avons un large \u00e9ventail de mod\u00e8les et de couleurs \u00e0 disposition.<\/p>\n<p class=\"p1\">Les murs et les sols de bains sont recouverts de carreaux de haute qualit\u00e9, classe \u00ab A \u00bb, tandis que les articles sanitaires et les robinets sont par IDEAL STANDARD ou une marque de qualit\u00e9 \u00e9gale.<\/p>\n<p>[\/vc_column_text][\/vc_column_inner][vc_column_inner width=&#8221;1\/3&#8243;][vc_column_text]<\/p>\n<h2 class=\"p1\" style=\"text-align: left;\">Peinture et Ext\u00e9rieur<\/h2>\n<p>Les murs ext\u00e9rieurs sont peints avec de la peinture de la plus haute qualit\u00e9. Les murs int\u00e9rieurs et les plafonds sont peints en trois couches avec de la peinture sp\u00e9ciale surfaces int\u00e9rieures selon votre s\u00e9lection de couleurs. Les appuis de fen\u00eatre sont en marbre ou en pierre locale, qui est ponc\u00e9 et poli avec un vernis \u00e0 la pierre. Une des derni\u00e8res \u00e9tapes dans la construction sera les travaux ext\u00e9rieurs, comportant des points pr\u00eats pour l&#8217;installation de luminaires, la robinetterie et les prises \u00e9tanches pour l\u2019\u00e9clairage et les robinets aux seins des v\u00e9randas. Enfin, les all\u00e9es et places de parking seront am\u00e9nag\u00e9es.[\/vc_column_text][\/vc_column_inner][vc_column_inner width=&#8221;1\/3&#8243;][vc_single_image image=&#8221;42614&#8243; img_size=&#8221;large&#8221; alignment=&#8221;center&#8221; css_animation=&#8221;fadeInLeft&#8221; qode_css_animation=&#8221;element_from_left&#8221;][vc_empty_space height=&#8221;50px&#8221;][\/vc_column_inner][\/vc_row_inner][\/vc_column][\/vc_row]<\/p>\n<\/section>","protected":false},"excerpt":{"rendered":"<p>[vc_row row_type=&#8221;content_menu&#8221;][vc_column][\/vc_column][\/vc_row][vc_row anchor=&#8221;foundation&#8221; row_type=&#8221;row&#8221; in_content_menu=&#8221;in_content_menu&#8221; content_menu_title=&#8221;Fondation&#8221; content_menu_icon=&#8221;fa-anchor&#8221; use_row_as_full_screen_section=&#8221;no&#8221; type=&#8221;grid&#8221; angled_section=&#8221;no&#8221; text_align=&#8221;left&#8221; background_image_as_pattern=&#8221;without_pattern&#8221; border_color=&#8221;#eaeaea&#8221; padding_top=&#8221;100&#8243; padding_bottom=&#8221;100&#8243;][vc_column][vc_empty_space height=&#8221;100px&#8221;][vc_single_image image=&#8221;42620&#8243; img_size=&#8221;large&#8221; alignment=&#8221;center&#8221; qode_css_animation=&#8221;element_from_bottom&#8221;][vc_empty_space height=&#8221;50px&#8221;][vc_row_inner row_type=&#8221;row&#8221; type=&#8221;full_width&#8221; text_align=&#8221;left&#8221; css_animation=&#8221;&#8221;][vc_column_inner width=&#8221;1\/2&#8243;][vc_column_text] G\u00e9n\u00e9rale Excavation &amp; Fondation du B\u00e2timent L\u2019excavation g\u00e9n\u00e9rale et la fondation des b\u00e2timents \u00e0 la profondeur appropri\u00e9e sont effectu\u00e9e en fonction de l&#8217;existence d&#8217;un sous-sol ou non, et jusqu&#8217;\u00e0 [&hellip;]<\/p>\n","protected":false},"author":1,"featured_media":0,"parent":0,"menu_order":0,"comment_status":"closed","ping_status":"closed","template":"","meta":{"_acf_changed":false,"footnotes":""},"class_list":["post-49362","page","type-page","status-publish","hentry"],"acf":{"header_type":"light"},"_links":{"self":[{"href":"https:\/\/action-crete-homes.com\/fr\/wp-json\/wp\/v2\/pages\/49362","targetHints":{"allow":["GET"]}}],"collection":[{"href":"https:\/\/action-crete-homes.com\/fr\/wp-json\/wp\/v2\/pages"}],"about":[{"href":"https:\/\/action-crete-homes.com\/fr\/wp-json\/wp\/v2\/types\/page"}],"author":[{"embeddable":true,"href":"https:\/\/action-crete-homes.com\/fr\/wp-json\/wp\/v2\/users\/1"}],"replies":[{"embeddable":true,"href":"https:\/\/action-crete-homes.com\/fr\/wp-json\/wp\/v2\/comments?post=49362"}],"version-history":[{"count":17,"href":"https:\/\/action-crete-homes.com\/fr\/wp-json\/wp\/v2\/pages\/49362\/revisions"}],"predecessor-version":[{"id":49386,"href":"https:\/\/action-crete-homes.com\/fr\/wp-json\/wp\/v2\/pages\/49362\/revisions\/49386"}],"wp:attachment":[{"href":"https:\/\/action-crete-homes.com\/fr\/wp-json\/wp\/v2\/media?parent=49362"}],"curies":[{"name":"wp","href":"https:\/\/api.w.org\/{rel}","templated":true}]}}